{"id":362,"date":"2024-04-12T13:10:50","date_gmt":"2024-04-12T11:10:50","guid":{"rendered":"http:\/\/pxkhlfz.cluster028.hosting.ovh.net\/?post_type=product&#038;p=362"},"modified":"2025-12-02T19:59:04","modified_gmt":"2025-12-02T18:59:04","slug":"porte-monnaie","status":"publish","type":"product","link":"https:\/\/www.bymcdn.com\/index.php\/produit\/porte-monnaie\/","title":{"rendered":"Porte monnaie"},"content":{"rendered":"<p>Ce porte monnaie\u00a0 se ferme gr\u00e2ce \u00e0 une fermeture \u00e9claire.<\/p>\n<p>Il est r\u00e9alis\u00e9 avec une chemise homme ainsi qu&#8217;une chute de tenture effet daim<\/p>\n<p>On peut y ranger ces m\u00e9dicaments ou la monnaie.<\/p>\n<p>Dimension: 13,5 \/ 11cm<\/p>\n","protected":false},"excerpt":{"rendered":"<p>Ce porte monnaie\u00a0 se ferme gr\u00e2ce \u00e0 une fermeture \u00e9claire.<\/p>\n<p>Il est r\u00e9alis\u00e9 avec une chemise homme ainsi qu&#8217;une chute de tenture effet daim<\/p>\n<p>On peut y ranger ces m\u00e9dicaments ou la monnaie.<\/p>\n<p>Il passe en machine \u00e0 laver<\/p>\n<p>Dimension: 13,5 \/ 11cm<\/p>\n","protected":false},"featured_media":369,"comment_status":"open","ping_status":"closed","template":"","meta":[],"product_cat":[32],"product_tag":[],"class_list":{"0":"post-362","1":"product","2":"type-product","3":"status-publish","4":"has-post-thumbnail","6":"product_cat-porte-monnaie","8":"first","9":"instock","10":"taxable","11":"shipping-taxable","12":"purchasable","13":"product-type-simple"},"yoast_head":"<!-- This site is optimized with the Yoast SEO plugin v22.7 - https:\/\/yoast.com\/wordpress\/plugins\/seo\/ -->\n<title>Porte monnaie - By Mcdn<\/title>\n<meta name=\"description\" content=\"Ce porte monnaie est r\u00e9alis\u00e9 avec une chemise homme et une chute de tenture effet daim marron. Cette pi\u00e8ce est unique. elle est r\u00e9alise a la main.\" \/>\n<meta name=\"robots\" content=\"index, follow, max-snippet:-1, max-image-preview:large, max-video-preview:-1\" \/>\n<link rel=\"canonical\" href=\"https:\/\/www.bymcdn.com\/index.php\/produit\/porte-monnaie\/\" \/>\n<meta property=\"og:locale\" content=\"fr_FR\" \/>\n<meta property=\"og:type\" content=\"article\" \/>\n<meta property=\"og:title\" content=\"Porte monnaie - By Mcdn\" \/>\n<meta property=\"og:description\" content=\"Ce porte monnaie est r\u00e9alis\u00e9 avec une chemise homme et une chute de tenture effet daim marron. Cette pi\u00e8ce est unique. elle est r\u00e9alise a la main.\" \/>\n<meta property=\"og:url\" content=\"https:\/\/www.bymcdn.com\/index.php\/produit\/porte-monnaie\/\" \/>\n<meta property=\"og:site_name\" content=\"By Mcdn\" \/>\n<meta property=\"article:modified_time\" content=\"2025-12-02T18:59:04+00:00\" \/>\n<meta property=\"og:image\" content=\"https:\/\/www.bymcdn.com\/wp-content\/uploads\/2024\/04\/IMG_3372-scaled.jpeg\" \/>\n\t<meta property=\"og:image:width\" content=\"1920\" \/>\n\t<meta property=\"og:image:height\" content=\"2560\" \/>\n\t<meta property=\"og:image:type\" content=\"image\/jpeg\" \/>\n<meta name=\"twitter:card\" content=\"summary_large_image\" \/>\n<meta name=\"twitter:label1\" content=\"Dur\u00e9e de lecture estim\u00e9e\" \/>\n\t<meta name=\"twitter:data1\" content=\"1 minute\" \/>\n<script type=\"application\/ld+json\" class=\"yoast-schema-graph\">{\"@context\":\"https:\/\/schema.org\",\"@graph\":[{\"@type\":\"WebPage\",\"@id\":\"https:\/\/www.bymcdn.com\/index.php\/produit\/porte-monnaie\/\",\"url\":\"https:\/\/www.bymcdn.com\/index.php\/produit\/porte-monnaie\/\",\"name\":\"Porte monnaie - By Mcdn\",\"isPartOf\":{\"@id\":\"https:\/\/www.bymcdn.com\/#website\"},\"primaryImageOfPage\":{\"@id\":\"https:\/\/www.bymcdn.com\/index.php\/produit\/porte-monnaie\/#primaryimage\"},\"image\":{\"@id\":\"https:\/\/www.bymcdn.com\/index.php\/produit\/porte-monnaie\/#primaryimage\"},\"thumbnailUrl\":\"https:\/\/www.bymcdn.com\/wp-content\/uploads\/2024\/04\/IMG_3372-scaled.jpeg\",\"datePublished\":\"2024-04-12T11:10:50+00:00\",\"dateModified\":\"2025-12-02T18:59:04+00:00\",\"description\":\"Ce porte monnaie est r\u00e9alis\u00e9 avec une chemise homme et une chute de tenture effet daim marron. Cette pi\u00e8ce est unique. elle est r\u00e9alise a la main.\",\"breadcrumb\":{\"@id\":\"https:\/\/www.bymcdn.com\/index.php\/produit\/porte-monnaie\/#breadcrumb\"},\"inLanguage\":\"fr-FR\",\"potentialAction\":[{\"@type\":\"ReadAction\",\"target\":[\"https:\/\/www.bymcdn.com\/index.php\/produit\/porte-monnaie\/\"]}]},{\"@type\":\"ImageObject\",\"inLanguage\":\"fr-FR\",\"@id\":\"https:\/\/www.bymcdn.com\/index.php\/produit\/porte-monnaie\/#primaryimage\",\"url\":\"https:\/\/www.bymcdn.com\/wp-content\/uploads\/2024\/04\/IMG_3372-scaled.jpeg\",\"contentUrl\":\"https:\/\/www.bymcdn.com\/wp-content\/uploads\/2024\/04\/IMG_3372-scaled.jpeg\",\"width\":1920,\"height\":2560},{\"@type\":\"BreadcrumbList\",\"@id\":\"https:\/\/www.bymcdn.com\/index.php\/produit\/porte-monnaie\/#breadcrumb\",\"itemListElement\":[{\"@type\":\"ListItem\",\"position\":1,\"name\":\"Accueil\",\"item\":\"https:\/\/www.bymcdn.com\/\"},{\"@type\":\"ListItem\",\"position\":2,\"name\":\"Boutique\",\"item\":\"https:\/\/www.bymcdn.com\/index.php\/boutique-upcycling-accessoires-smallbusiness-pieceunique\/\"},{\"@type\":\"ListItem\",\"position\":3,\"name\":\"Porte monnaie\"}]},{\"@type\":\"WebSite\",\"@id\":\"https:\/\/www.bymcdn.com\/#website\",\"url\":\"https:\/\/www.bymcdn.com\/\",\"name\":\"By Mcdn\",\"description\":\"\",\"publisher\":{\"@id\":\"https:\/\/www.bymcdn.com\/#organization\"},\"potentialAction\":[{\"@type\":\"SearchAction\",\"target\":{\"@type\":\"EntryPoint\",\"urlTemplate\":\"https:\/\/www.bymcdn.com\/?s={search_term_string}\"},\"query-input\":\"required name=search_term_string\"}],\"inLanguage\":\"fr-FR\"},{\"@type\":\"Organization\",\"@id\":\"https:\/\/www.bymcdn.com\/#organization\",\"name\":\"By Mcdn\",\"url\":\"https:\/\/www.bymcdn.com\/\",\"logo\":{\"@type\":\"ImageObject\",\"inLanguage\":\"fr-FR\",\"@id\":\"https:\/\/www.bymcdn.com\/#\/schema\/logo\/image\/\",\"url\":\"https:\/\/www.bymcdn.com\/wp-content\/uploads\/2023\/10\/cropped-cropped-cropped-20230908_062612_0000.png\",\"contentUrl\":\"https:\/\/www.bymcdn.com\/wp-content\/uploads\/2023\/10\/cropped-cropped-cropped-20230908_062612_0000.png\",\"width\":351,\"height\":170,\"caption\":\"By Mcdn\"},\"image\":{\"@id\":\"https:\/\/www.bymcdn.com\/#\/schema\/logo\/image\/\"}}]}<\/script>\n<!-- \/ Yoast SEO plugin. -->","yoast_head_json":{"title":"Porte monnaie - By Mcdn","description":"Ce porte monnaie est r\u00e9alis\u00e9 avec une chemise homme et une chute de tenture effet daim marron. Cette pi\u00e8ce est unique. elle est r\u00e9alise a la main.","robots":{"index":"index","follow":"follow","max-snippet":"max-snippet:-1","max-image-preview":"max-image-preview:large","max-video-preview":"max-video-preview:-1"},"canonical":"https:\/\/www.bymcdn.com\/index.php\/produit\/porte-monnaie\/","og_locale":"fr_FR","og_type":"article","og_title":"Porte monnaie - By Mcdn","og_description":"Ce porte monnaie est r\u00e9alis\u00e9 avec une chemise homme et une chute de tenture effet daim marron. Cette pi\u00e8ce est unique. elle est r\u00e9alise a la main.","og_url":"https:\/\/www.bymcdn.com\/index.php\/produit\/porte-monnaie\/","og_site_name":"By Mcdn","article_modified_time":"2025-12-02T18:59:04+00:00","og_image":[{"width":1920,"height":2560,"url":"https:\/\/www.bymcdn.com\/wp-content\/uploads\/2024\/04\/IMG_3372-scaled.jpeg","type":"image\/jpeg"}],"twitter_card":"summary_large_image","twitter_misc":{"Dur\u00e9e de lecture estim\u00e9e":"1 minute"},"schema":{"@context":"https:\/\/schema.org","@graph":[{"@type":"WebPage","@id":"https:\/\/www.bymcdn.com\/index.php\/produit\/porte-monnaie\/","url":"https:\/\/www.bymcdn.com\/index.php\/produit\/porte-monnaie\/","name":"Porte monnaie - By Mcdn","isPartOf":{"@id":"https:\/\/www.bymcdn.com\/#website"},"primaryImageOfPage":{"@id":"https:\/\/www.bymcdn.com\/index.php\/produit\/porte-monnaie\/#primaryimage"},"image":{"@id":"https:\/\/www.bymcdn.com\/index.php\/produit\/porte-monnaie\/#primaryimage"},"thumbnailUrl":"https:\/\/www.bymcdn.com\/wp-content\/uploads\/2024\/04\/IMG_3372-scaled.jpeg","datePublished":"2024-04-12T11:10:50+00:00","dateModified":"2025-12-02T18:59:04+00:00","description":"Ce porte monnaie est r\u00e9alis\u00e9 avec une chemise homme et une chute de tenture effet daim marron. Cette pi\u00e8ce est unique. elle est r\u00e9alise a la main.","breadcrumb":{"@id":"https:\/\/www.bymcdn.com\/index.php\/produit\/porte-monnaie\/#breadcrumb"},"inLanguage":"fr-FR","potentialAction":[{"@type":"ReadAction","target":["https:\/\/www.bymcdn.com\/index.php\/produit\/porte-monnaie\/"]}]},{"@type":"ImageObject","inLanguage":"fr-FR","@id":"https:\/\/www.bymcdn.com\/index.php\/produit\/porte-monnaie\/#primaryimage","url":"https:\/\/www.bymcdn.com\/wp-content\/uploads\/2024\/04\/IMG_3372-scaled.jpeg","contentUrl":"https:\/\/www.bymcdn.com\/wp-content\/uploads\/2024\/04\/IMG_3372-scaled.jpeg","width":1920,"height":2560},{"@type":"BreadcrumbList","@id":"https:\/\/www.bymcdn.com\/index.php\/produit\/porte-monnaie\/#breadcrumb","itemListElement":[{"@type":"ListItem","position":1,"name":"Accueil","item":"https:\/\/www.bymcdn.com\/"},{"@type":"ListItem","position":2,"name":"Boutique","item":"https:\/\/www.bymcdn.com\/index.php\/boutique-upcycling-accessoires-smallbusiness-pieceunique\/"},{"@type":"ListItem","position":3,"name":"Porte monnaie"}]},{"@type":"WebSite","@id":"https:\/\/www.bymcdn.com\/#website","url":"https:\/\/www.bymcdn.com\/","name":"By Mcdn","description":"","publisher":{"@id":"https:\/\/www.bymcdn.com\/#organization"},"potentialAction":[{"@type":"SearchAction","target":{"@type":"EntryPoint","urlTemplate":"https:\/\/www.bymcdn.com\/?s={search_term_string}"},"query-input":"required name=search_term_string"}],"inLanguage":"fr-FR"},{"@type":"Organization","@id":"https:\/\/www.bymcdn.com\/#organization","name":"By Mcdn","url":"https:\/\/www.bymcdn.com\/","logo":{"@type":"ImageObject","inLanguage":"fr-FR","@id":"https:\/\/www.bymcdn.com\/#\/schema\/logo\/image\/","url":"https:\/\/www.bymcdn.com\/wp-content\/uploads\/2023\/10\/cropped-cropped-cropped-20230908_062612_0000.png","contentUrl":"https:\/\/www.bymcdn.com\/wp-content\/uploads\/2023\/10\/cropped-cropped-cropped-20230908_062612_0000.png","width":351,"height":170,"caption":"By Mcdn"},"image":{"@id":"https:\/\/www.bymcdn.com\/#\/schema\/logo\/image\/"}}]}},"jetpack_sharing_enabled":true,"_links":{"self":[{"href":"https:\/\/www.bymcdn.com\/index.php\/wp-json\/wp\/v2\/product\/362","targetHints":{"allow":["GET"]}}],"collection":[{"href":"https:\/\/www.bymcdn.com\/index.php\/wp-json\/wp\/v2\/product"}],"about":[{"href":"https:\/\/www.bymcdn.com\/index.php\/wp-json\/wp\/v2\/types\/product"}],"replies":[{"embeddable":true,"href":"https:\/\/www.bymcdn.com\/index.php\/wp-json\/wp\/v2\/comments?post=362"}],"wp:featuredmedia":[{"embeddable":true,"href":"https:\/\/www.bymcdn.com\/index.php\/wp-json\/wp\/v2\/media\/369"}],"wp:attachment":[{"href":"https:\/\/www.bymcdn.com\/index.php\/wp-json\/wp\/v2\/media?parent=362"}],"wp:term":[{"taxonomy":"product_cat","embeddable":true,"href":"https:\/\/www.bymcdn.com\/index.php\/wp-json\/wp\/v2\/product_cat?post=362"},{"taxonomy":"product_tag","embeddable":true,"href":"https:\/\/www.bymcdn.com\/index.php\/wp-json\/wp\/v2\/product_tag?post=362"}],"curies":[{"name":"wp","href":"https:\/\/api.w.org\/{rel}","templated":true}]}}