{"id":324,"date":"2024-04-03T09:35:00","date_gmt":"2024-04-03T07:35:00","guid":{"rendered":"http:\/\/pxkhlfz.cluster028.hosting.ovh.net\/?post_type=product&#038;p=324"},"modified":"2024-04-17T10:50:21","modified_gmt":"2024-04-17T08:50:21","slug":"pochette-tablette","status":"publish","type":"product","link":"https:\/\/www.bymcdn.com\/index.php\/produit\/pochette-tablette\/","title":{"rendered":"Pochette tablette Bleu"},"content":{"rendered":"<p>Cette pochette avec deux fermetures \u00e9claires, peut contenir une tablette (27\/20)<\/p>\n<p>On peut donc y glisser la tablette ainsi que le chargeur dans la petite poche.<\/p>\n<p>Elle est r\u00e9alis\u00e9e a partir d&#8217;une blouse et un pantalon femme. L&#8217;int\u00e9rieur est en coton beige.<\/p>\n<p>Dimension: 30\/23cm et la poche de devant 12cm de hauteur<\/p>\n","protected":false},"excerpt":{"rendered":"<p>Cette pochette avec deux fermetures \u00e9claires, peut contenir une tablette (27\/20)<\/p>\n<p>On peut donc y glisser la tablette ainsi que le chargeur dans la petite poche.<\/p>\n<p>Elle est r\u00e9alis\u00e9e a partir d&#8217;une blouse et un pantalon femme. L&#8217;int\u00e9rieur est en coton beige.<\/p>\n<p>Dimension: 30\/23cm et la poche de devant 12cm de hauteur<\/p>\n","protected":false},"featured_media":325,"comment_status":"open","ping_status":"closed","template":"","meta":[],"product_cat":[29],"product_tag":[],"class_list":{"0":"post-324","1":"product","2":"type-product","3":"status-publish","4":"has-post-thumbnail","6":"product_cat-pochette-tablette","8":"first","9":"onbackorder","10":"taxable","11":"shipping-taxable","12":"purchasable","13":"product-type-simple"},"yoast_head":"<!-- This site is optimized with the Yoast SEO plugin v22.7 - https:\/\/yoast.com\/wordpress\/plugins\/seo\/ -->\n<title>Pochette tablette Bleu - By Mcdn<\/title>\n<meta name=\"description\" content=\"Cette pochette pour ranger sa tablette (27\/20) a deux fermetures \u00e9claires. On peut donc y glisser la tablette ainsi que le chargeur dans la petite poche.\" \/>\n<meta name=\"robots\" content=\"index, follow, max-snippet:-1, max-image-preview:large, max-video-preview:-1\" \/>\n<link rel=\"canonical\" href=\"https:\/\/www.bymcdn.com\/index.php\/produit\/pochette-tablette\/\" \/>\n<meta property=\"og:locale\" content=\"fr_FR\" \/>\n<meta property=\"og:type\" content=\"article\" \/>\n<meta property=\"og:title\" content=\"Pochette tablette Bleu - By Mcdn\" \/>\n<meta property=\"og:description\" content=\"Cette pochette pour ranger sa tablette (27\/20) a deux fermetures \u00e9claires. On peut donc y glisser la tablette ainsi que le chargeur dans la petite poche.\" \/>\n<meta property=\"og:url\" content=\"https:\/\/www.bymcdn.com\/index.php\/produit\/pochette-tablette\/\" \/>\n<meta property=\"og:site_name\" content=\"By Mcdn\" \/>\n<meta property=\"article:modified_time\" content=\"2024-04-17T08:50:21+00:00\" \/>\n<meta property=\"og:image\" content=\"https:\/\/www.bymcdn.com\/wp-content\/uploads\/2024\/04\/IMG_3069-scaled.jpg\" \/>\n\t<meta property=\"og:image:width\" content=\"1920\" \/>\n\t<meta property=\"og:image:height\" content=\"2560\" \/>\n\t<meta property=\"og:image:type\" content=\"image\/jpeg\" \/>\n<meta name=\"twitter:card\" content=\"summary_large_image\" \/>\n<meta name=\"twitter:label1\" content=\"Dur\u00e9e de lecture estim\u00e9e\" \/>\n\t<meta name=\"twitter:data1\" content=\"1 minute\" \/>\n<script type=\"application\/ld+json\" class=\"yoast-schema-graph\">{\"@context\":\"https:\/\/schema.org\",\"@graph\":[{\"@type\":\"WebPage\",\"@id\":\"https:\/\/www.bymcdn.com\/index.php\/produit\/pochette-tablette\/\",\"url\":\"https:\/\/www.bymcdn.com\/index.php\/produit\/pochette-tablette\/\",\"name\":\"Pochette tablette Bleu - By Mcdn\",\"isPartOf\":{\"@id\":\"https:\/\/www.bymcdn.com\/#website\"},\"primaryImageOfPage\":{\"@id\":\"https:\/\/www.bymcdn.com\/index.php\/produit\/pochette-tablette\/#primaryimage\"},\"image\":{\"@id\":\"https:\/\/www.bymcdn.com\/index.php\/produit\/pochette-tablette\/#primaryimage\"},\"thumbnailUrl\":\"https:\/\/www.bymcdn.com\/wp-content\/uploads\/2024\/04\/IMG_3069-scaled.jpg\",\"datePublished\":\"2024-04-03T07:35:00+00:00\",\"dateModified\":\"2024-04-17T08:50:21+00:00\",\"description\":\"Cette pochette pour ranger sa tablette (27\/20) a deux fermetures \u00e9claires. On peut donc y glisser la tablette ainsi que le chargeur dans la petite poche.\",\"breadcrumb\":{\"@id\":\"https:\/\/www.bymcdn.com\/index.php\/produit\/pochette-tablette\/#breadcrumb\"},\"inLanguage\":\"fr-FR\",\"potentialAction\":[{\"@type\":\"ReadAction\",\"target\":[\"https:\/\/www.bymcdn.com\/index.php\/produit\/pochette-tablette\/\"]}]},{\"@type\":\"ImageObject\",\"inLanguage\":\"fr-FR\",\"@id\":\"https:\/\/www.bymcdn.com\/index.php\/produit\/pochette-tablette\/#primaryimage\",\"url\":\"https:\/\/www.bymcdn.com\/wp-content\/uploads\/2024\/04\/IMG_3069-scaled.jpg\",\"contentUrl\":\"https:\/\/www.bymcdn.com\/wp-content\/uploads\/2024\/04\/IMG_3069-scaled.jpg\",\"width\":1920,\"height\":2560},{\"@type\":\"BreadcrumbList\",\"@id\":\"https:\/\/www.bymcdn.com\/index.php\/produit\/pochette-tablette\/#breadcrumb\",\"itemListElement\":[{\"@type\":\"ListItem\",\"position\":1,\"name\":\"Accueil\",\"item\":\"https:\/\/www.bymcdn.com\/\"},{\"@type\":\"ListItem\",\"position\":2,\"name\":\"Boutique\",\"item\":\"https:\/\/www.bymcdn.com\/index.php\/boutique-upcycling-accessoires-smallbusiness-pieceunique\/\"},{\"@type\":\"ListItem\",\"position\":3,\"name\":\"Pochette tablette Bleu\"}]},{\"@type\":\"WebSite\",\"@id\":\"https:\/\/www.bymcdn.com\/#website\",\"url\":\"https:\/\/www.bymcdn.com\/\",\"name\":\"By Mcdn\",\"description\":\"\",\"publisher\":{\"@id\":\"https:\/\/www.bymcdn.com\/#organization\"},\"potentialAction\":[{\"@type\":\"SearchAction\",\"target\":{\"@type\":\"EntryPoint\",\"urlTemplate\":\"https:\/\/www.bymcdn.com\/?s={search_term_string}\"},\"query-input\":\"required name=search_term_string\"}],\"inLanguage\":\"fr-FR\"},{\"@type\":\"Organization\",\"@id\":\"https:\/\/www.bymcdn.com\/#organization\",\"name\":\"By Mcdn\",\"url\":\"https:\/\/www.bymcdn.com\/\",\"logo\":{\"@type\":\"ImageObject\",\"inLanguage\":\"fr-FR\",\"@id\":\"https:\/\/www.bymcdn.com\/#\/schema\/logo\/image\/\",\"url\":\"https:\/\/www.bymcdn.com\/wp-content\/uploads\/2023\/10\/cropped-cropped-cropped-20230908_062612_0000.png\",\"contentUrl\":\"https:\/\/www.bymcdn.com\/wp-content\/uploads\/2023\/10\/cropped-cropped-cropped-20230908_062612_0000.png\",\"width\":351,\"height\":170,\"caption\":\"By Mcdn\"},\"image\":{\"@id\":\"https:\/\/www.bymcdn.com\/#\/schema\/logo\/image\/\"}}]}<\/script>\n<!-- \/ Yoast SEO plugin. -->","yoast_head_json":{"title":"Pochette tablette Bleu - By Mcdn","description":"Cette pochette pour ranger sa tablette (27\/20) a deux fermetures \u00e9claires. On peut donc y glisser la tablette ainsi que le chargeur dans la petite poche.","robots":{"index":"index","follow":"follow","max-snippet":"max-snippet:-1","max-image-preview":"max-image-preview:large","max-video-preview":"max-video-preview:-1"},"canonical":"https:\/\/www.bymcdn.com\/index.php\/produit\/pochette-tablette\/","og_locale":"fr_FR","og_type":"article","og_title":"Pochette tablette Bleu - By Mcdn","og_description":"Cette pochette pour ranger sa tablette (27\/20) a deux fermetures \u00e9claires. On peut donc y glisser la tablette ainsi que le chargeur dans la petite poche.","og_url":"https:\/\/www.bymcdn.com\/index.php\/produit\/pochette-tablette\/","og_site_name":"By Mcdn","article_modified_time":"2024-04-17T08:50:21+00:00","og_image":[{"width":1920,"height":2560,"url":"https:\/\/www.bymcdn.com\/wp-content\/uploads\/2024\/04\/IMG_3069-scaled.jpg","type":"image\/jpeg"}],"twitter_card":"summary_large_image","twitter_misc":{"Dur\u00e9e de lecture estim\u00e9e":"1 minute"},"schema":{"@context":"https:\/\/schema.org","@graph":[{"@type":"WebPage","@id":"https:\/\/www.bymcdn.com\/index.php\/produit\/pochette-tablette\/","url":"https:\/\/www.bymcdn.com\/index.php\/produit\/pochette-tablette\/","name":"Pochette tablette Bleu - By Mcdn","isPartOf":{"@id":"https:\/\/www.bymcdn.com\/#website"},"primaryImageOfPage":{"@id":"https:\/\/www.bymcdn.com\/index.php\/produit\/pochette-tablette\/#primaryimage"},"image":{"@id":"https:\/\/www.bymcdn.com\/index.php\/produit\/pochette-tablette\/#primaryimage"},"thumbnailUrl":"https:\/\/www.bymcdn.com\/wp-content\/uploads\/2024\/04\/IMG_3069-scaled.jpg","datePublished":"2024-04-03T07:35:00+00:00","dateModified":"2024-04-17T08:50:21+00:00","description":"Cette pochette pour ranger sa tablette (27\/20) a deux fermetures \u00e9claires. On peut donc y glisser la tablette ainsi que le chargeur dans la petite poche.","breadcrumb":{"@id":"https:\/\/www.bymcdn.com\/index.php\/produit\/pochette-tablette\/#breadcrumb"},"inLanguage":"fr-FR","potentialAction":[{"@type":"ReadAction","target":["https:\/\/www.bymcdn.com\/index.php\/produit\/pochette-tablette\/"]}]},{"@type":"ImageObject","inLanguage":"fr-FR","@id":"https:\/\/www.bymcdn.com\/index.php\/produit\/pochette-tablette\/#primaryimage","url":"https:\/\/www.bymcdn.com\/wp-content\/uploads\/2024\/04\/IMG_3069-scaled.jpg","contentUrl":"https:\/\/www.bymcdn.com\/wp-content\/uploads\/2024\/04\/IMG_3069-scaled.jpg","width":1920,"height":2560},{"@type":"BreadcrumbList","@id":"https:\/\/www.bymcdn.com\/index.php\/produit\/pochette-tablette\/#breadcrumb","itemListElement":[{"@type":"ListItem","position":1,"name":"Accueil","item":"https:\/\/www.bymcdn.com\/"},{"@type":"ListItem","position":2,"name":"Boutique","item":"https:\/\/www.bymcdn.com\/index.php\/boutique-upcycling-accessoires-smallbusiness-pieceunique\/"},{"@type":"ListItem","position":3,"name":"Pochette tablette Bleu"}]},{"@type":"WebSite","@id":"https:\/\/www.bymcdn.com\/#website","url":"https:\/\/www.bymcdn.com\/","name":"By Mcdn","description":"","publisher":{"@id":"https:\/\/www.bymcdn.com\/#organization"},"potentialAction":[{"@type":"SearchAction","target":{"@type":"EntryPoint","urlTemplate":"https:\/\/www.bymcdn.com\/?s={search_term_string}"},"query-input":"required name=search_term_string"}],"inLanguage":"fr-FR"},{"@type":"Organization","@id":"https:\/\/www.bymcdn.com\/#organization","name":"By Mcdn","url":"https:\/\/www.bymcdn.com\/","logo":{"@type":"ImageObject","inLanguage":"fr-FR","@id":"https:\/\/www.bymcdn.com\/#\/schema\/logo\/image\/","url":"https:\/\/www.bymcdn.com\/wp-content\/uploads\/2023\/10\/cropped-cropped-cropped-20230908_062612_0000.png","contentUrl":"https:\/\/www.bymcdn.com\/wp-content\/uploads\/2023\/10\/cropped-cropped-cropped-20230908_062612_0000.png","width":351,"height":170,"caption":"By Mcdn"},"image":{"@id":"https:\/\/www.bymcdn.com\/#\/schema\/logo\/image\/"}}]}},"jetpack_sharing_enabled":true,"_links":{"self":[{"href":"https:\/\/www.bymcdn.com\/index.php\/wp-json\/wp\/v2\/product\/324","targetHints":{"allow":["GET"]}}],"collection":[{"href":"https:\/\/www.bymcdn.com\/index.php\/wp-json\/wp\/v2\/product"}],"about":[{"href":"https:\/\/www.bymcdn.com\/index.php\/wp-json\/wp\/v2\/types\/product"}],"replies":[{"embeddable":true,"href":"https:\/\/www.bymcdn.com\/index.php\/wp-json\/wp\/v2\/comments?post=324"}],"wp:featuredmedia":[{"embeddable":true,"href":"https:\/\/www.bymcdn.com\/index.php\/wp-json\/wp\/v2\/media\/325"}],"wp:attachment":[{"href":"https:\/\/www.bymcdn.com\/index.php\/wp-json\/wp\/v2\/media?parent=324"}],"wp:term":[{"taxonomy":"product_cat","embeddable":true,"href":"https:\/\/www.bymcdn.com\/index.php\/wp-json\/wp\/v2\/product_cat?post=324"},{"taxonomy":"product_tag","embeddable":true,"href":"https:\/\/www.bymcdn.com\/index.php\/wp-json\/wp\/v2\/product_tag?post=324"}],"curies":[{"name":"wp","href":"https:\/\/api.w.org\/{rel}","templated":true}]}}