{"id":302,"date":"2024-03-30T07:47:26","date_gmt":"2024-03-30T06:47:26","guid":{"rendered":"http:\/\/pxkhlfz.cluster028.hosting.ovh.net\/?post_type=product&#038;p=302"},"modified":"2025-12-02T19:58:48","modified_gmt":"2025-12-02T18:58:48","slug":"petite-trousse","status":"publish","type":"product","link":"https:\/\/www.bymcdn.com\/index.php\/produit\/petite-trousse\/","title":{"rendered":"Petite trousse orange"},"content":{"rendered":"<p>Cette trousse matelass\u00e9 se ferme gr\u00e2ce a une fermeture \u00e9claire.<\/p>\n<p>Elle est id\u00e9al pour y ranger son maquillage, ces m\u00e9dicaments ou encore les passeports.<\/p>\n<p>elle est r\u00e9aliser a partir d&#8217;une blouse et une chute de coton (int\u00e9rieur).<\/p>\n<p>Elle passe a la machine a laver.<\/p>\n<p>Dimension: 17cm \/15cm<\/p>\n","protected":false},"excerpt":{"rendered":"<p>Cette trousse matelass\u00e9 se ferme gr\u00e2ce a une fermeture \u00e9claire.<\/p>\n<p>Elle est id\u00e9al pour y ranger son maquillage, ces m\u00e9dicaments ou encore les passeports.<\/p>\n<p>elle est r\u00e9aliser a partir d&#8217;une blouse et une chute de coton (int\u00e9rieur).<\/p>\n<p>Elle passe a la machine a laver.<\/p>\n<p>Dimension: 17cm \/15cm<\/p>\n","protected":false},"featured_media":306,"comment_status":"open","ping_status":"closed","template":"","meta":[],"product_cat":[27,25],"product_tag":[],"class_list":{"0":"post-302","1":"product","2":"type-product","3":"status-publish","4":"has-post-thumbnail","6":"product_cat-petite-trousse-trousses","7":"product_cat-trousses","9":"first","10":"instock","11":"taxable","12":"shipping-taxable","13":"purchasable","14":"product-type-simple"},"yoast_head":"<!-- This site is optimized with the Yoast SEO plugin v22.7 - https:\/\/yoast.com\/wordpress\/plugins\/seo\/ -->\n<title>Petite trousse orange - By Mcdn<\/title>\n<meta name=\"description\" content=\"Cette trousse matelass\u00e9 est r\u00e9alis\u00e9e a partir d&#039;une blouse, l&#039;int\u00e9rieur est en coton. Elle est r\u00e9alis\u00e9 a partir de textile upcycl\u00e9.\" \/>\n<meta name=\"robots\" content=\"index, follow, max-snippet:-1, max-image-preview:large, max-video-preview:-1\" \/>\n<link rel=\"canonical\" href=\"https:\/\/www.bymcdn.com\/index.php\/produit\/petite-trousse\/\" \/>\n<meta property=\"og:locale\" content=\"fr_FR\" \/>\n<meta property=\"og:type\" content=\"article\" \/>\n<meta property=\"og:title\" content=\"Petite trousse orange - By Mcdn\" \/>\n<meta property=\"og:description\" content=\"Cette trousse matelass\u00e9 est r\u00e9alis\u00e9e a partir d&#039;une blouse, l&#039;int\u00e9rieur est en coton. Elle est r\u00e9alis\u00e9 a partir de textile upcycl\u00e9.\" \/>\n<meta property=\"og:url\" content=\"https:\/\/www.bymcdn.com\/index.php\/produit\/petite-trousse\/\" \/>\n<meta property=\"og:site_name\" content=\"By Mcdn\" \/>\n<meta property=\"article:modified_time\" content=\"2025-12-02T18:58:48+00:00\" \/>\n<meta property=\"og:image\" content=\"https:\/\/www.bymcdn.com\/wp-content\/uploads\/2024\/03\/trousse-orange-2-scaled.jpg\" \/>\n\t<meta property=\"og:image:width\" content=\"1920\" \/>\n\t<meta property=\"og:image:height\" content=\"2560\" \/>\n\t<meta property=\"og:image:type\" content=\"image\/jpeg\" \/>\n<meta name=\"twitter:card\" content=\"summary_large_image\" \/>\n<meta name=\"twitter:label1\" content=\"Dur\u00e9e de lecture estim\u00e9e\" \/>\n\t<meta name=\"twitter:data1\" content=\"1 minute\" \/>\n<script type=\"application\/ld+json\" class=\"yoast-schema-graph\">{\"@context\":\"https:\/\/schema.org\",\"@graph\":[{\"@type\":\"WebPage\",\"@id\":\"https:\/\/www.bymcdn.com\/index.php\/produit\/petite-trousse\/\",\"url\":\"https:\/\/www.bymcdn.com\/index.php\/produit\/petite-trousse\/\",\"name\":\"Petite trousse orange - By Mcdn\",\"isPartOf\":{\"@id\":\"https:\/\/www.bymcdn.com\/#website\"},\"primaryImageOfPage\":{\"@id\":\"https:\/\/www.bymcdn.com\/index.php\/produit\/petite-trousse\/#primaryimage\"},\"image\":{\"@id\":\"https:\/\/www.bymcdn.com\/index.php\/produit\/petite-trousse\/#primaryimage\"},\"thumbnailUrl\":\"https:\/\/www.bymcdn.com\/wp-content\/uploads\/2024\/03\/trousse-orange-2-scaled.jpg\",\"datePublished\":\"2024-03-30T06:47:26+00:00\",\"dateModified\":\"2025-12-02T18:58:48+00:00\",\"description\":\"Cette trousse matelass\u00e9 est r\u00e9alis\u00e9e a partir d'une blouse, l'int\u00e9rieur est en coton. Elle est r\u00e9alis\u00e9 a partir de textile upcycl\u00e9.\",\"breadcrumb\":{\"@id\":\"https:\/\/www.bymcdn.com\/index.php\/produit\/petite-trousse\/#breadcrumb\"},\"inLanguage\":\"fr-FR\",\"potentialAction\":[{\"@type\":\"ReadAction\",\"target\":[\"https:\/\/www.bymcdn.com\/index.php\/produit\/petite-trousse\/\"]}]},{\"@type\":\"ImageObject\",\"inLanguage\":\"fr-FR\",\"@id\":\"https:\/\/www.bymcdn.com\/index.php\/produit\/petite-trousse\/#primaryimage\",\"url\":\"https:\/\/www.bymcdn.com\/wp-content\/uploads\/2024\/03\/trousse-orange-2-scaled.jpg\",\"contentUrl\":\"https:\/\/www.bymcdn.com\/wp-content\/uploads\/2024\/03\/trousse-orange-2-scaled.jpg\",\"width\":1920,\"height\":2560,\"caption\":\"petite pochette orange\"},{\"@type\":\"BreadcrumbList\",\"@id\":\"https:\/\/www.bymcdn.com\/index.php\/produit\/petite-trousse\/#breadcrumb\",\"itemListElement\":[{\"@type\":\"ListItem\",\"position\":1,\"name\":\"Accueil\",\"item\":\"https:\/\/www.bymcdn.com\/\"},{\"@type\":\"ListItem\",\"position\":2,\"name\":\"Boutique\",\"item\":\"https:\/\/www.bymcdn.com\/index.php\/boutique-upcycling-accessoires-smallbusiness-pieceunique\/\"},{\"@type\":\"ListItem\",\"position\":3,\"name\":\"Petite trousse orange\"}]},{\"@type\":\"WebSite\",\"@id\":\"https:\/\/www.bymcdn.com\/#website\",\"url\":\"https:\/\/www.bymcdn.com\/\",\"name\":\"By Mcdn\",\"description\":\"\",\"publisher\":{\"@id\":\"https:\/\/www.bymcdn.com\/#organization\"},\"potentialAction\":[{\"@type\":\"SearchAction\",\"target\":{\"@type\":\"EntryPoint\",\"urlTemplate\":\"https:\/\/www.bymcdn.com\/?s={search_term_string}\"},\"query-input\":\"required name=search_term_string\"}],\"inLanguage\":\"fr-FR\"},{\"@type\":\"Organization\",\"@id\":\"https:\/\/www.bymcdn.com\/#organization\",\"name\":\"By Mcdn\",\"url\":\"https:\/\/www.bymcdn.com\/\",\"logo\":{\"@type\":\"ImageObject\",\"inLanguage\":\"fr-FR\",\"@id\":\"https:\/\/www.bymcdn.com\/#\/schema\/logo\/image\/\",\"url\":\"https:\/\/www.bymcdn.com\/wp-content\/uploads\/2023\/10\/cropped-cropped-cropped-20230908_062612_0000.png\",\"contentUrl\":\"https:\/\/www.bymcdn.com\/wp-content\/uploads\/2023\/10\/cropped-cropped-cropped-20230908_062612_0000.png\",\"width\":351,\"height\":170,\"caption\":\"By Mcdn\"},\"image\":{\"@id\":\"https:\/\/www.bymcdn.com\/#\/schema\/logo\/image\/\"}}]}<\/script>\n<!-- \/ Yoast SEO plugin. -->","yoast_head_json":{"title":"Petite trousse orange - By Mcdn","description":"Cette trousse matelass\u00e9 est r\u00e9alis\u00e9e a partir d'une blouse, l'int\u00e9rieur est en coton. Elle est r\u00e9alis\u00e9 a partir de textile upcycl\u00e9.","robots":{"index":"index","follow":"follow","max-snippet":"max-snippet:-1","max-image-preview":"max-image-preview:large","max-video-preview":"max-video-preview:-1"},"canonical":"https:\/\/www.bymcdn.com\/index.php\/produit\/petite-trousse\/","og_locale":"fr_FR","og_type":"article","og_title":"Petite trousse orange - By Mcdn","og_description":"Cette trousse matelass\u00e9 est r\u00e9alis\u00e9e a partir d'une blouse, l'int\u00e9rieur est en coton. Elle est r\u00e9alis\u00e9 a partir de textile upcycl\u00e9.","og_url":"https:\/\/www.bymcdn.com\/index.php\/produit\/petite-trousse\/","og_site_name":"By Mcdn","article_modified_time":"2025-12-02T18:58:48+00:00","og_image":[{"width":1920,"height":2560,"url":"https:\/\/www.bymcdn.com\/wp-content\/uploads\/2024\/03\/trousse-orange-2-scaled.jpg","type":"image\/jpeg"}],"twitter_card":"summary_large_image","twitter_misc":{"Dur\u00e9e de lecture estim\u00e9e":"1 minute"},"schema":{"@context":"https:\/\/schema.org","@graph":[{"@type":"WebPage","@id":"https:\/\/www.bymcdn.com\/index.php\/produit\/petite-trousse\/","url":"https:\/\/www.bymcdn.com\/index.php\/produit\/petite-trousse\/","name":"Petite trousse orange - By Mcdn","isPartOf":{"@id":"https:\/\/www.bymcdn.com\/#website"},"primaryImageOfPage":{"@id":"https:\/\/www.bymcdn.com\/index.php\/produit\/petite-trousse\/#primaryimage"},"image":{"@id":"https:\/\/www.bymcdn.com\/index.php\/produit\/petite-trousse\/#primaryimage"},"thumbnailUrl":"https:\/\/www.bymcdn.com\/wp-content\/uploads\/2024\/03\/trousse-orange-2-scaled.jpg","datePublished":"2024-03-30T06:47:26+00:00","dateModified":"2025-12-02T18:58:48+00:00","description":"Cette trousse matelass\u00e9 est r\u00e9alis\u00e9e a partir d'une blouse, l'int\u00e9rieur est en coton. Elle est r\u00e9alis\u00e9 a partir de textile upcycl\u00e9.","breadcrumb":{"@id":"https:\/\/www.bymcdn.com\/index.php\/produit\/petite-trousse\/#breadcrumb"},"inLanguage":"fr-FR","potentialAction":[{"@type":"ReadAction","target":["https:\/\/www.bymcdn.com\/index.php\/produit\/petite-trousse\/"]}]},{"@type":"ImageObject","inLanguage":"fr-FR","@id":"https:\/\/www.bymcdn.com\/index.php\/produit\/petite-trousse\/#primaryimage","url":"https:\/\/www.bymcdn.com\/wp-content\/uploads\/2024\/03\/trousse-orange-2-scaled.jpg","contentUrl":"https:\/\/www.bymcdn.com\/wp-content\/uploads\/2024\/03\/trousse-orange-2-scaled.jpg","width":1920,"height":2560,"caption":"petite pochette orange"},{"@type":"BreadcrumbList","@id":"https:\/\/www.bymcdn.com\/index.php\/produit\/petite-trousse\/#breadcrumb","itemListElement":[{"@type":"ListItem","position":1,"name":"Accueil","item":"https:\/\/www.bymcdn.com\/"},{"@type":"ListItem","position":2,"name":"Boutique","item":"https:\/\/www.bymcdn.com\/index.php\/boutique-upcycling-accessoires-smallbusiness-pieceunique\/"},{"@type":"ListItem","position":3,"name":"Petite trousse orange"}]},{"@type":"WebSite","@id":"https:\/\/www.bymcdn.com\/#website","url":"https:\/\/www.bymcdn.com\/","name":"By Mcdn","description":"","publisher":{"@id":"https:\/\/www.bymcdn.com\/#organization"},"potentialAction":[{"@type":"SearchAction","target":{"@type":"EntryPoint","urlTemplate":"https:\/\/www.bymcdn.com\/?s={search_term_string}"},"query-input":"required name=search_term_string"}],"inLanguage":"fr-FR"},{"@type":"Organization","@id":"https:\/\/www.bymcdn.com\/#organization","name":"By Mcdn","url":"https:\/\/www.bymcdn.com\/","logo":{"@type":"ImageObject","inLanguage":"fr-FR","@id":"https:\/\/www.bymcdn.com\/#\/schema\/logo\/image\/","url":"https:\/\/www.bymcdn.com\/wp-content\/uploads\/2023\/10\/cropped-cropped-cropped-20230908_062612_0000.png","contentUrl":"https:\/\/www.bymcdn.com\/wp-content\/uploads\/2023\/10\/cropped-cropped-cropped-20230908_062612_0000.png","width":351,"height":170,"caption":"By Mcdn"},"image":{"@id":"https:\/\/www.bymcdn.com\/#\/schema\/logo\/image\/"}}]}},"jetpack_sharing_enabled":true,"_links":{"self":[{"href":"https:\/\/www.bymcdn.com\/index.php\/wp-json\/wp\/v2\/product\/302","targetHints":{"allow":["GET"]}}],"collection":[{"href":"https:\/\/www.bymcdn.com\/index.php\/wp-json\/wp\/v2\/product"}],"about":[{"href":"https:\/\/www.bymcdn.com\/index.php\/wp-json\/wp\/v2\/types\/product"}],"replies":[{"embeddable":true,"href":"https:\/\/www.bymcdn.com\/index.php\/wp-json\/wp\/v2\/comments?post=302"}],"wp:featuredmedia":[{"embeddable":true,"href":"https:\/\/www.bymcdn.com\/index.php\/wp-json\/wp\/v2\/media\/306"}],"wp:attachment":[{"href":"https:\/\/www.bymcdn.com\/index.php\/wp-json\/wp\/v2\/media?parent=302"}],"wp:term":[{"taxonomy":"product_cat","embeddable":true,"href":"https:\/\/www.bymcdn.com\/index.php\/wp-json\/wp\/v2\/product_cat?post=302"},{"taxonomy":"product_tag","embeddable":true,"href":"https:\/\/www.bymcdn.com\/index.php\/wp-json\/wp\/v2\/product_tag?post=302"}],"curies":[{"name":"wp","href":"https:\/\/api.w.org\/{rel}","templated":true}]}}