{"id":173,"date":"2023-12-16T11:10:58","date_gmt":"2023-12-16T10:10:58","guid":{"rendered":"http:\/\/pxkhlfz.cluster028.hosting.ovh.net\/?page_id=173"},"modified":"2024-05-05T16:46:52","modified_gmt":"2024-05-05T14:46:52","slug":"livraisons-et-retours","status":"publish","type":"page","link":"https:\/\/www.bymcdn.com\/index.php\/livraisons-et-retours\/","title":{"rendered":"Livraisons et retours"},"content":{"rendered":"\t\t<div data-elementor-type=\"wp-page\" data-elementor-id=\"173\" class=\"elementor elementor-173\" data-elementor-post-type=\"page\">\n\t\t\t\t<div class=\"elementor-element elementor-element-64f477ca e-flex e-con-boxed e-con e-parent\" data-id=\"64f477ca\" data-element_type=\"container\">\n\t\t\t\t\t<div class=\"e-con-inner\">\n\t\t\t\t<div class=\"elementor-element elementor-element-41abd7d1 elementor-widget elementor-widget-text-editor\" data-id=\"41abd7d1\" data-element_type=\"widget\" data-widget_type=\"text-editor.default\">\n\t\t\t\t<div class=\"elementor-widget-container\">\n\t\t\t<style>\/*! elementor - v3.21.0 - 08-05-2024 *\/\n.elementor-widget-text-editor.elementor-drop-cap-view-stacked .elementor-drop-cap{background-color:#69727d;color:#fff}.elementor-widget-text-editor.elementor-drop-cap-view-framed .elementor-drop-cap{color:#69727d;border:3px solid;background-color:transparent}.elementor-widget-text-editor:not(.elementor-drop-cap-view-default) .elementor-drop-cap{margin-top:8px}.elementor-widget-text-editor:not(.elementor-drop-cap-view-default) .elementor-drop-cap-letter{width:1em;height:1em}.elementor-widget-text-editor .elementor-drop-cap{float:left;text-align:center;line-height:1;font-size:50px}.elementor-widget-text-editor .elementor-drop-cap-letter{display:inline-block}<\/style>\t\t\t\t<!-- wp:paragraph -->\n<p><em><strong>Il y a 3 possibilit\u00e9s de livraisons<\/strong><\/em><\/p>\n<!-- \/wp:paragraph --><!-- wp:paragraph -->\n<p><strong>Livraison \u00e0 votre domicile<\/strong><\/p>\n<!-- \/wp:paragraph --><!-- wp:paragraph -->\n<p>La livraison \u00e0 domicile est r\u00e9alis\u00e9e par la soci\u00e9t\u00e9 BPost. Les frais de livraison sont calcul\u00e9s pr\u00e9cis\u00e9ment lors de la commande (\u00e0 partir de 7\u20ac pour la Belgique et \u00e0 partir de 10,5\u20ac pour la France). Le d\u00e9lai de livraison est de 3 \u00e0 5 jours ouvrables pour la Belgique et de 4 \u00e0 7 jours ouvrables pour la France.<\/p>\n<!-- \/wp:paragraph --><!-- wp:paragraph -->\n<p><strong>Livraison dans un point relais Mondial Relay<\/strong><\/p>\n<!-- \/wp:paragraph --><!-- wp:paragraph -->\n<p>La livraison est effectu\u00e9e dans un point relais de votre choix. Les frais de livraison sont calcul\u00e9s pr\u00e9cis\u00e9ment lors de la commande (\u00e0 partir de 3,5\u20ac pour la Belgique et \u00e0 partir de 4\u20ac pour la France). Le d\u00e9lai de livraison est de 3 \u00e0 7 jours ouvrables.<\/p>\n<!-- \/wp:paragraph --><!-- wp:paragraph -->\n<p><strong>Enl\u00e8vement \u00e0 l&#8217;Atelier<\/strong><\/p>\n<!-- \/wp:paragraph --><!-- wp:paragraph -->\n<p>La livraison est offerte si vous choisissez l\u2019enl\u00e8vement dans mon atelier qui se trouve en Belgique pr\u00e8s de Nivelles. Un mail vous est envoy\u00e9 afin de d\u00e9terminer avec vous la date et l\u2019heure de l\u2019enl\u00e8vement de votre commande.<\/p>\n<!-- \/wp:paragraph --><!-- wp:paragraph -->\n<p><strong>Retour<\/strong><\/p>\n<!-- \/wp:paragraph --><!-- wp:paragraph -->\n<p>Si une cr\u00e9ation ne vous convient pas, vous avez 14 jours pour effectuer un retour. Je vous rembourse la valeur du produit d\u00e8s r\u00e9ception du colis, pour autant que le produit soit correctement prot\u00e9g\u00e9, dans son emballage d\u2019origine, dans un parfait \u00e9tat de revente (non ab\u00eem\u00e9, endommag\u00e9 ou sali), accompagn\u00e9 de tous accessoires \u00e9ventuels et avec son \u00e9tiquette d\u2019origine.<\/p>\n<!-- \/wp:paragraph --><!-- wp:paragraph -->\n<p>Les produits confectionn\u00e9s sur-mesure ou personnalis\u00e9s ne seront quant a eux pas\u00a0 repris.<\/p>\n<!-- \/wp:paragraph --><!-- wp:paragraph -->\n<p>Contactez-moi a cette adresse mail bymcdn@gmail.com, je vous enverrai toutes les informations. Les co\u00fbts de retour sont \u00e0 la charge de l\u2019acheteur.<\/p>\n<!-- \/wp:paragraph -->\t\t\t\t\t\t<\/div>\n\t\t\t\t<\/div>\n\t\t\t\t\t<\/div>\n\t\t\t\t<\/div>\n\t\t\t\t<\/div>\n\t\t","protected":false},"excerpt":{"rendered":"<p>Il y a 3 possibilit\u00e9s de livraisons Livraison \u00e0 votre domicile La livraison \u00e0 domicile est r\u00e9alis\u00e9e par la soci\u00e9t\u00e9 BPost. Les frais de livraison sont calcul\u00e9s pr\u00e9cis\u00e9ment lors de la commande (\u00e0 partir de 7\u20ac pour la Belgique et \u00e0 partir de 10,5\u20ac pour la France). Le d\u00e9lai de livraison est de 3 \u00e0 &hellip; <\/p>\n","protected":false},"author":1,"featured_media":0,"parent":0,"menu_order":0,"comment_status":"closed","ping_status":"closed","template":"","meta":{"footnotes":""},"class_list":["post-173","page","type-page","status-publish","hentry"],"yoast_head":"<!-- This site is optimized with the Yoast SEO plugin v22.7 - https:\/\/yoast.com\/wordpress\/plugins\/seo\/ -->\n<title>Livraisons et retours - By Mcdn<\/title>\n<meta name=\"robots\" content=\"index, follow, max-snippet:-1, max-image-preview:large, max-video-preview:-1\" \/>\n<link rel=\"canonical\" href=\"https:\/\/www.bymcdn.com\/index.php\/livraisons-et-retours\/\" \/>\n<meta property=\"og:locale\" content=\"fr_FR\" \/>\n<meta property=\"og:type\" content=\"article\" \/>\n<meta property=\"og:title\" content=\"Livraisons et retours - By Mcdn\" \/>\n<meta property=\"og:description\" content=\"Il y a 3 possibilit\u00e9s de livraisons Livraison \u00e0 votre domicile La livraison \u00e0 domicile est r\u00e9alis\u00e9e par la soci\u00e9t\u00e9 BPost. Les frais de livraison sont calcul\u00e9s pr\u00e9cis\u00e9ment lors de la commande (\u00e0 partir de 7\u20ac pour la Belgique et \u00e0 partir de 10,5\u20ac pour la France). Le d\u00e9lai de livraison est de 3 \u00e0 &hellip;\" \/>\n<meta property=\"og:url\" content=\"https:\/\/www.bymcdn.com\/index.php\/livraisons-et-retours\/\" \/>\n<meta property=\"og:site_name\" content=\"By Mcdn\" \/>\n<meta property=\"article:modified_time\" content=\"2024-05-05T14:46:52+00:00\" \/>\n<meta name=\"twitter:card\" content=\"summary_large_image\" \/>\n<meta name=\"twitter:label1\" content=\"Dur\u00e9e de lecture estim\u00e9e\" \/>\n\t<meta name=\"twitter:data1\" content=\"2 minutes\" \/>\n<script type=\"application\/ld+json\" class=\"yoast-schema-graph\">{\"@context\":\"https:\/\/schema.org\",\"@graph\":[{\"@type\":\"WebPage\",\"@id\":\"https:\/\/www.bymcdn.com\/index.php\/livraisons-et-retours\/\",\"url\":\"https:\/\/www.bymcdn.com\/index.php\/livraisons-et-retours\/\",\"name\":\"Livraisons et retours - By Mcdn\",\"isPartOf\":{\"@id\":\"https:\/\/www.bymcdn.com\/#website\"},\"datePublished\":\"2023-12-16T10:10:58+00:00\",\"dateModified\":\"2024-05-05T14:46:52+00:00\",\"breadcrumb\":{\"@id\":\"https:\/\/www.bymcdn.com\/index.php\/livraisons-et-retours\/#breadcrumb\"},\"inLanguage\":\"fr-FR\",\"potentialAction\":[{\"@type\":\"ReadAction\",\"target\":[\"https:\/\/www.bymcdn.com\/index.php\/livraisons-et-retours\/\"]}]},{\"@type\":\"BreadcrumbList\",\"@id\":\"https:\/\/www.bymcdn.com\/index.php\/livraisons-et-retours\/#breadcrumb\",\"itemListElement\":[{\"@type\":\"ListItem\",\"position\":1,\"name\":\"Accueil\",\"item\":\"https:\/\/www.bymcdn.com\/\"},{\"@type\":\"ListItem\",\"position\":2,\"name\":\"Livraisons et retours\"}]},{\"@type\":\"WebSite\",\"@id\":\"https:\/\/www.bymcdn.com\/#website\",\"url\":\"https:\/\/www.bymcdn.com\/\",\"name\":\"By Mcdn\",\"description\":\"\",\"publisher\":{\"@id\":\"https:\/\/www.bymcdn.com\/#organization\"},\"potentialAction\":[{\"@type\":\"SearchAction\",\"target\":{\"@type\":\"EntryPoint\",\"urlTemplate\":\"https:\/\/www.bymcdn.com\/?s={search_term_string}\"},\"query-input\":\"required name=search_term_string\"}],\"inLanguage\":\"fr-FR\"},{\"@type\":\"Organization\",\"@id\":\"https:\/\/www.bymcdn.com\/#organization\",\"name\":\"By Mcdn\",\"url\":\"https:\/\/www.bymcdn.com\/\",\"logo\":{\"@type\":\"ImageObject\",\"inLanguage\":\"fr-FR\",\"@id\":\"https:\/\/www.bymcdn.com\/#\/schema\/logo\/image\/\",\"url\":\"https:\/\/www.bymcdn.com\/wp-content\/uploads\/2023\/10\/cropped-cropped-cropped-20230908_062612_0000.png\",\"contentUrl\":\"https:\/\/www.bymcdn.com\/wp-content\/uploads\/2023\/10\/cropped-cropped-cropped-20230908_062612_0000.png\",\"width\":351,\"height\":170,\"caption\":\"By Mcdn\"},\"image\":{\"@id\":\"https:\/\/www.bymcdn.com\/#\/schema\/logo\/image\/\"}}]}<\/script>\n<!-- \/ Yoast SEO plugin. -->","yoast_head_json":{"title":"Livraisons et retours - By Mcdn","robots":{"index":"index","follow":"follow","max-snippet":"max-snippet:-1","max-image-preview":"max-image-preview:large","max-video-preview":"max-video-preview:-1"},"canonical":"https:\/\/www.bymcdn.com\/index.php\/livraisons-et-retours\/","og_locale":"fr_FR","og_type":"article","og_title":"Livraisons et retours - By Mcdn","og_description":"Il y a 3 possibilit\u00e9s de livraisons Livraison \u00e0 votre domicile La livraison \u00e0 domicile est r\u00e9alis\u00e9e par la soci\u00e9t\u00e9 BPost. Les frais de livraison sont calcul\u00e9s pr\u00e9cis\u00e9ment lors de la commande (\u00e0 partir de 7\u20ac pour la Belgique et \u00e0 partir de 10,5\u20ac pour la France). Le d\u00e9lai de livraison est de 3 \u00e0 &hellip;","og_url":"https:\/\/www.bymcdn.com\/index.php\/livraisons-et-retours\/","og_site_name":"By Mcdn","article_modified_time":"2024-05-05T14:46:52+00:00","twitter_card":"summary_large_image","twitter_misc":{"Dur\u00e9e de lecture estim\u00e9e":"2 minutes"},"schema":{"@context":"https:\/\/schema.org","@graph":[{"@type":"WebPage","@id":"https:\/\/www.bymcdn.com\/index.php\/livraisons-et-retours\/","url":"https:\/\/www.bymcdn.com\/index.php\/livraisons-et-retours\/","name":"Livraisons et retours - By Mcdn","isPartOf":{"@id":"https:\/\/www.bymcdn.com\/#website"},"datePublished":"2023-12-16T10:10:58+00:00","dateModified":"2024-05-05T14:46:52+00:00","breadcrumb":{"@id":"https:\/\/www.bymcdn.com\/index.php\/livraisons-et-retours\/#breadcrumb"},"inLanguage":"fr-FR","potentialAction":[{"@type":"ReadAction","target":["https:\/\/www.bymcdn.com\/index.php\/livraisons-et-retours\/"]}]},{"@type":"BreadcrumbList","@id":"https:\/\/www.bymcdn.com\/index.php\/livraisons-et-retours\/#breadcrumb","itemListElement":[{"@type":"ListItem","position":1,"name":"Accueil","item":"https:\/\/www.bymcdn.com\/"},{"@type":"ListItem","position":2,"name":"Livraisons et retours"}]},{"@type":"WebSite","@id":"https:\/\/www.bymcdn.com\/#website","url":"https:\/\/www.bymcdn.com\/","name":"By Mcdn","description":"","publisher":{"@id":"https:\/\/www.bymcdn.com\/#organization"},"potentialAction":[{"@type":"SearchAction","target":{"@type":"EntryPoint","urlTemplate":"https:\/\/www.bymcdn.com\/?s={search_term_string}"},"query-input":"required name=search_term_string"}],"inLanguage":"fr-FR"},{"@type":"Organization","@id":"https:\/\/www.bymcdn.com\/#organization","name":"By Mcdn","url":"https:\/\/www.bymcdn.com\/","logo":{"@type":"ImageObject","inLanguage":"fr-FR","@id":"https:\/\/www.bymcdn.com\/#\/schema\/logo\/image\/","url":"https:\/\/www.bymcdn.com\/wp-content\/uploads\/2023\/10\/cropped-cropped-cropped-20230908_062612_0000.png","contentUrl":"https:\/\/www.bymcdn.com\/wp-content\/uploads\/2023\/10\/cropped-cropped-cropped-20230908_062612_0000.png","width":351,"height":170,"caption":"By Mcdn"},"image":{"@id":"https:\/\/www.bymcdn.com\/#\/schema\/logo\/image\/"}}]}},"jetpack_sharing_enabled":true,"_links":{"self":[{"href":"https:\/\/www.bymcdn.com\/index.php\/wp-json\/wp\/v2\/pages\/173","targetHints":{"allow":["GET"]}}],"collection":[{"href":"https:\/\/www.bymcdn.com\/index.php\/wp-json\/wp\/v2\/pages"}],"about":[{"href":"https:\/\/www.bymcdn.com\/index.php\/wp-json\/wp\/v2\/types\/page"}],"author":[{"embeddable":true,"href":"https:\/\/www.bymcdn.com\/index.php\/wp-json\/wp\/v2\/users\/1"}],"replies":[{"embeddable":true,"href":"https:\/\/www.bymcdn.com\/index.php\/wp-json\/wp\/v2\/comments?post=173"}],"version-history":[{"count":10,"href":"https:\/\/www.bymcdn.com\/index.php\/wp-json\/wp\/v2\/pages\/173\/revisions"}],"predecessor-version":[{"id":493,"href":"https:\/\/www.bymcdn.com\/index.php\/wp-json\/wp\/v2\/pages\/173\/revisions\/493"}],"wp:attachment":[{"href":"https:\/\/www.bymcdn.com\/index.php\/wp-json\/wp\/v2\/media?parent=173"}],"curies":[{"name":"wp","href":"https:\/\/api.w.org\/{rel}","templated":true}]}}