{"id":169,"date":"2023-12-16T11:09:16","date_gmt":"2023-12-16T10:09:16","guid":{"rendered":"http:\/\/pxkhlfz.cluster028.hosting.ovh.net\/?page_id=169"},"modified":"2024-05-05T16:25:58","modified_gmt":"2024-05-05T14:25:58","slug":"points-de-vente","status":"publish","type":"page","link":"https:\/\/www.bymcdn.com\/index.php\/points-de-vente\/","title":{"rendered":"Points de vente"},"content":{"rendered":"\t\t<div data-elementor-type=\"wp-page\" data-elementor-id=\"169\" class=\"elementor elementor-169\" data-elementor-post-type=\"page\">\n\t\t\t\t<div class=\"elementor-element elementor-element-d10c76d e-con-full e-flex e-con e-parent\" data-id=\"d10c76d\" data-element_type=\"container\">\n\t\t<div class=\"elementor-element elementor-element-66117d3 e-con-full e-flex e-con e-child\" data-id=\"66117d3\" data-element_type=\"container\">\n\t\t\t\t<div class=\"elementor-element elementor-element-ccf398a elementor-widget elementor-widget-heading\" data-id=\"ccf398a\" data-element_type=\"widget\" data-widget_type=\"heading.default\">\n\t\t\t\t<div class=\"elementor-widget-container\">\n\t\t\t<style>\/*! elementor - v3.21.0 - 08-05-2024 *\/\n.elementor-heading-title{padding:0;margin:0;line-height:1}.elementor-widget-heading .elementor-heading-title[class*=elementor-size-]>a{color:inherit;font-size:inherit;line-height:inherit}.elementor-widget-heading .elementor-heading-title.elementor-size-small{font-size:15px}.elementor-widget-heading .elementor-heading-title.elementor-size-medium{font-size:19px}.elementor-widget-heading .elementor-heading-title.elementor-size-large{font-size:29px}.elementor-widget-heading .elementor-heading-title.elementor-size-xl{font-size:39px}.elementor-widget-heading .elementor-heading-title.elementor-size-xxl{font-size:59px}<\/style><h2 class=\"elementor-heading-title elementor-size-default\">devenir point de vente<\/h2>\t\t<\/div>\n\t\t\t\t<\/div>\n\t\t\t\t<div class=\"elementor-element elementor-element-6cdba3f elementor-widget elementor-widget-text-editor\" data-id=\"6cdba3f\" data-element_type=\"widget\" data-widget_type=\"text-editor.default\">\n\t\t\t\t<div class=\"elementor-widget-container\">\n\t\t\t<style>\/*! elementor - v3.21.0 - 08-05-2024 *\/\n.elementor-widget-text-editor.elementor-drop-cap-view-stacked .elementor-drop-cap{background-color:#69727d;color:#fff}.elementor-widget-text-editor.elementor-drop-cap-view-framed .elementor-drop-cap{color:#69727d;border:3px solid;background-color:transparent}.elementor-widget-text-editor:not(.elementor-drop-cap-view-default) .elementor-drop-cap{margin-top:8px}.elementor-widget-text-editor:not(.elementor-drop-cap-view-default) .elementor-drop-cap-letter{width:1em;height:1em}.elementor-widget-text-editor .elementor-drop-cap{float:left;text-align:center;line-height:1;font-size:50px}.elementor-widget-text-editor .elementor-drop-cap-letter{display:inline-block}<\/style>\t\t\t\t<p><!-- wp:paragraph --><\/p>\n<p>Mes cr\u00e9ations vous int\u00e9ressent et vous souhaitez m&#8217;accompagner dans l&#8217;aventure?<\/p>\n<p><!-- \/wp:paragraph --><!-- wp:paragraph --><!-- \/wp:paragraph --><!-- wp:paragraph --><\/p>\n<p><strong>Mes points de ventes d\u00e9j\u00e0 existant :<\/strong><\/p>\n<p><!-- \/wp:paragraph --><!-- wp:paragraph --><\/p>\n<p><strong>C&amp;C boutique d&#8217;artisans<\/strong> &#8211; Rue de Cromboulie 16 &#8211; 59740 Clairfayts @creationgarga<\/p>\n<p><!-- \/wp:paragraph --><!-- wp:paragraph --><\/p>\n<p><strong>L&#8217;Empreinte Belge<\/strong> &#8211; Rue des Carmes 69 &#8211; 5000 Namur @empreintebelge<\/p>\n<p><!-- \/wp:paragraph --><\/p>\t\t\t\t\t\t<\/div>\n\t\t\t\t<\/div>\n\t\t\t\t<div class=\"elementor-element elementor-element-708209b elementor-align-center elementor-widget elementor-widget-button\" data-id=\"708209b\" data-element_type=\"widget\" data-widget_type=\"button.default\">\n\t\t\t\t<div class=\"elementor-widget-container\">\n\t\t\t\t\t<div class=\"elementor-button-wrapper\">\n\t\t\t<a class=\"elementor-button elementor-button-link elementor-size-sm elementor-animation-grow\" href=\"http:\/\/pxkhlfz.cluster028.hosting.ovh.net\/index.php\/contact\/\">\n\t\t\t\t\t\t<span class=\"elementor-button-content-wrapper\">\n\t\t\t\t\t\t\t\t\t<span class=\"elementor-button-text\">me contacter<\/span>\n\t\t\t\t\t<\/span>\n\t\t\t\t\t<\/a>\n\t\t<\/div>\n\t\t\t\t<\/div>\n\t\t\t\t<\/div>\n\t\t\t\t<\/div>\n\t\t<div class=\"elementor-element elementor-element-2ae7475 e-con-full e-flex e-con e-child\" data-id=\"2ae7475\" data-element_type=\"container\">\n\t\t\t\t<div class=\"elementor-element elementor-element-fdae1fd animated-fast elementor-invisible elementor-widget elementor-widget-image\" data-id=\"fdae1fd\" data-element_type=\"widget\" data-settings=\"{&quot;_animation&quot;:&quot;fadeInRight&quot;}\" data-widget_type=\"image.default\">\n\t\t\t\t<div class=\"elementor-widget-container\">\n\t\t\t<style>\/*! elementor - v3.21.0 - 08-05-2024 *\/\n.elementor-widget-image{text-align:center}.elementor-widget-image a{display:inline-block}.elementor-widget-image a img[src$=\".svg\"]{width:48px}.elementor-widget-image img{vertical-align:middle;display:inline-block}<\/style>\t\t\t\t\t\t\t\t\t\t<img fetchpriority=\"high\" decoding=\"async\" width=\"768\" height=\"1024\" src=\"https:\/\/www.bymcdn.com\/wp-content\/uploads\/2024\/04\/IMG_3069-768x1024.jpg\" class=\"attachment-large size-large wp-image-325\" alt=\"\" srcset=\"https:\/\/www.bymcdn.com\/wp-content\/uploads\/2024\/04\/IMG_3069-768x1024.jpg 768w, https:\/\/www.bymcdn.com\/wp-content\/uploads\/2024\/04\/IMG_3069-225x300.jpg 225w, https:\/\/www.bymcdn.com\/wp-content\/uploads\/2024\/04\/IMG_3069-1152x1536.jpg 1152w, https:\/\/www.bymcdn.com\/wp-content\/uploads\/2024\/04\/IMG_3069-1536x2048.jpg 1536w, https:\/\/www.bymcdn.com\/wp-content\/uploads\/2024\/04\/IMG_3069-1320x1760.jpg 1320w, https:\/\/www.bymcdn.com\/wp-content\/uploads\/2024\/04\/IMG_3069-600x800.jpg 600w, https:\/\/www.bymcdn.com\/wp-content\/uploads\/2024\/04\/IMG_3069-scaled.jpg 1920w\" sizes=\"(max-width: 768px) 100vw, 768px\" \/>\t\t\t\t\t\t\t\t\t\t\t\t\t<\/div>\n\t\t\t\t<\/div>\n\t\t\t\t<\/div>\n\t\t\t\t<\/div>\n\t\t\t\t<\/div>\n\t\t","protected":false},"excerpt":{"rendered":"<p>devenir point de vente Mes cr\u00e9ations vous int\u00e9ressent et vous souhaitez m&#8217;accompagner dans l&#8217;aventure? Mes points de ventes d\u00e9j\u00e0 existant : C&amp;C boutique d&#8217;artisans &#8211; Rue de Cromboulie 16 &#8211; 59740 Clairfayts @creationgarga L&#8217;Empreinte Belge &#8211; Rue des Carmes 69 &#8211; 5000 Namur @empreintebelge me contacter<\/p>\n","protected":false},"author":1,"featured_media":0,"parent":0,"menu_order":0,"comment_status":"closed","ping_status":"closed","template":"","meta":{"footnotes":""},"class_list":["post-169","page","type-page","status-publish","hentry"],"yoast_head":"<!-- This site is optimized with the Yoast SEO plugin v22.7 - https:\/\/yoast.com\/wordpress\/plugins\/seo\/ -->\n<title>Points de vente - By Mcdn<\/title>\n<meta name=\"robots\" content=\"index, follow, max-snippet:-1, max-image-preview:large, max-video-preview:-1\" \/>\n<link rel=\"canonical\" href=\"https:\/\/www.bymcdn.com\/index.php\/points-de-vente\/\" \/>\n<meta property=\"og:locale\" content=\"fr_FR\" \/>\n<meta property=\"og:type\" content=\"article\" \/>\n<meta property=\"og:title\" content=\"Points de vente - By Mcdn\" \/>\n<meta property=\"og:description\" content=\"devenir point de vente Mes cr\u00e9ations vous int\u00e9ressent et vous souhaitez m&#8217;accompagner dans l&#8217;aventure? Mes points de ventes d\u00e9j\u00e0 existant : C&amp;C boutique d&#8217;artisans &#8211; Rue de Cromboulie 16 &#8211; 59740 Clairfayts @creationgarga L&#8217;Empreinte Belge &#8211; Rue des Carmes 69 &#8211; 5000 Namur @empreintebelge me contacter\" \/>\n<meta property=\"og:url\" content=\"https:\/\/www.bymcdn.com\/index.php\/points-de-vente\/\" \/>\n<meta property=\"og:site_name\" content=\"By Mcdn\" \/>\n<meta property=\"article:modified_time\" content=\"2024-05-05T14:25:58+00:00\" \/>\n<meta property=\"og:image\" content=\"http:\/\/pxkhlfz.cluster028.hosting.ovh.net\/wp-content\/uploads\/2024\/04\/IMG_3069-768x1024.jpg\" \/>\n<meta name=\"twitter:card\" content=\"summary_large_image\" \/>\n<meta name=\"twitter:label1\" content=\"Dur\u00e9e de lecture estim\u00e9e\" \/>\n\t<meta name=\"twitter:data1\" content=\"1 minute\" \/>\n<script type=\"application\/ld+json\" class=\"yoast-schema-graph\">{\"@context\":\"https:\/\/schema.org\",\"@graph\":[{\"@type\":\"WebPage\",\"@id\":\"https:\/\/www.bymcdn.com\/index.php\/points-de-vente\/\",\"url\":\"https:\/\/www.bymcdn.com\/index.php\/points-de-vente\/\",\"name\":\"Points de vente - By Mcdn\",\"isPartOf\":{\"@id\":\"https:\/\/www.bymcdn.com\/#website\"},\"primaryImageOfPage\":{\"@id\":\"https:\/\/www.bymcdn.com\/index.php\/points-de-vente\/#primaryimage\"},\"image\":{\"@id\":\"https:\/\/www.bymcdn.com\/index.php\/points-de-vente\/#primaryimage\"},\"thumbnailUrl\":\"http:\/\/pxkhlfz.cluster028.hosting.ovh.net\/wp-content\/uploads\/2024\/04\/IMG_3069-768x1024.jpg\",\"datePublished\":\"2023-12-16T10:09:16+00:00\",\"dateModified\":\"2024-05-05T14:25:58+00:00\",\"breadcrumb\":{\"@id\":\"https:\/\/www.bymcdn.com\/index.php\/points-de-vente\/#breadcrumb\"},\"inLanguage\":\"fr-FR\",\"potentialAction\":[{\"@type\":\"ReadAction\",\"target\":[\"https:\/\/www.bymcdn.com\/index.php\/points-de-vente\/\"]}]},{\"@type\":\"ImageObject\",\"inLanguage\":\"fr-FR\",\"@id\":\"https:\/\/www.bymcdn.com\/index.php\/points-de-vente\/#primaryimage\",\"url\":\"http:\/\/pxkhlfz.cluster028.hosting.ovh.net\/wp-content\/uploads\/2024\/04\/IMG_3069-768x1024.jpg\",\"contentUrl\":\"http:\/\/pxkhlfz.cluster028.hosting.ovh.net\/wp-content\/uploads\/2024\/04\/IMG_3069-768x1024.jpg\"},{\"@type\":\"BreadcrumbList\",\"@id\":\"https:\/\/www.bymcdn.com\/index.php\/points-de-vente\/#breadcrumb\",\"itemListElement\":[{\"@type\":\"ListItem\",\"position\":1,\"name\":\"Accueil\",\"item\":\"https:\/\/www.bymcdn.com\/\"},{\"@type\":\"ListItem\",\"position\":2,\"name\":\"Points de vente\"}]},{\"@type\":\"WebSite\",\"@id\":\"https:\/\/www.bymcdn.com\/#website\",\"url\":\"https:\/\/www.bymcdn.com\/\",\"name\":\"By Mcdn\",\"description\":\"\",\"publisher\":{\"@id\":\"https:\/\/www.bymcdn.com\/#organization\"},\"potentialAction\":[{\"@type\":\"SearchAction\",\"target\":{\"@type\":\"EntryPoint\",\"urlTemplate\":\"https:\/\/www.bymcdn.com\/?s={search_term_string}\"},\"query-input\":\"required name=search_term_string\"}],\"inLanguage\":\"fr-FR\"},{\"@type\":\"Organization\",\"@id\":\"https:\/\/www.bymcdn.com\/#organization\",\"name\":\"By Mcdn\",\"url\":\"https:\/\/www.bymcdn.com\/\",\"logo\":{\"@type\":\"ImageObject\",\"inLanguage\":\"fr-FR\",\"@id\":\"https:\/\/www.bymcdn.com\/#\/schema\/logo\/image\/\",\"url\":\"https:\/\/www.bymcdn.com\/wp-content\/uploads\/2023\/10\/cropped-cropped-cropped-20230908_062612_0000.png\",\"contentUrl\":\"https:\/\/www.bymcdn.com\/wp-content\/uploads\/2023\/10\/cropped-cropped-cropped-20230908_062612_0000.png\",\"width\":351,\"height\":170,\"caption\":\"By Mcdn\"},\"image\":{\"@id\":\"https:\/\/www.bymcdn.com\/#\/schema\/logo\/image\/\"}}]}<\/script>\n<!-- \/ Yoast SEO plugin. -->","yoast_head_json":{"title":"Points de vente - By Mcdn","robots":{"index":"index","follow":"follow","max-snippet":"max-snippet:-1","max-image-preview":"max-image-preview:large","max-video-preview":"max-video-preview:-1"},"canonical":"https:\/\/www.bymcdn.com\/index.php\/points-de-vente\/","og_locale":"fr_FR","og_type":"article","og_title":"Points de vente - By Mcdn","og_description":"devenir point de vente Mes cr\u00e9ations vous int\u00e9ressent et vous souhaitez m&#8217;accompagner dans l&#8217;aventure? Mes points de ventes d\u00e9j\u00e0 existant : C&amp;C boutique d&#8217;artisans &#8211; Rue de Cromboulie 16 &#8211; 59740 Clairfayts @creationgarga L&#8217;Empreinte Belge &#8211; Rue des Carmes 69 &#8211; 5000 Namur @empreintebelge me contacter","og_url":"https:\/\/www.bymcdn.com\/index.php\/points-de-vente\/","og_site_name":"By Mcdn","article_modified_time":"2024-05-05T14:25:58+00:00","og_image":[{"url":"http:\/\/pxkhlfz.cluster028.hosting.ovh.net\/wp-content\/uploads\/2024\/04\/IMG_3069-768x1024.jpg"}],"twitter_card":"summary_large_image","twitter_misc":{"Dur\u00e9e de lecture estim\u00e9e":"1 minute"},"schema":{"@context":"https:\/\/schema.org","@graph":[{"@type":"WebPage","@id":"https:\/\/www.bymcdn.com\/index.php\/points-de-vente\/","url":"https:\/\/www.bymcdn.com\/index.php\/points-de-vente\/","name":"Points de vente - By Mcdn","isPartOf":{"@id":"https:\/\/www.bymcdn.com\/#website"},"primaryImageOfPage":{"@id":"https:\/\/www.bymcdn.com\/index.php\/points-de-vente\/#primaryimage"},"image":{"@id":"https:\/\/www.bymcdn.com\/index.php\/points-de-vente\/#primaryimage"},"thumbnailUrl":"http:\/\/pxkhlfz.cluster028.hosting.ovh.net\/wp-content\/uploads\/2024\/04\/IMG_3069-768x1024.jpg","datePublished":"2023-12-16T10:09:16+00:00","dateModified":"2024-05-05T14:25:58+00:00","breadcrumb":{"@id":"https:\/\/www.bymcdn.com\/index.php\/points-de-vente\/#breadcrumb"},"inLanguage":"fr-FR","potentialAction":[{"@type":"ReadAction","target":["https:\/\/www.bymcdn.com\/index.php\/points-de-vente\/"]}]},{"@type":"ImageObject","inLanguage":"fr-FR","@id":"https:\/\/www.bymcdn.com\/index.php\/points-de-vente\/#primaryimage","url":"http:\/\/pxkhlfz.cluster028.hosting.ovh.net\/wp-content\/uploads\/2024\/04\/IMG_3069-768x1024.jpg","contentUrl":"http:\/\/pxkhlfz.cluster028.hosting.ovh.net\/wp-content\/uploads\/2024\/04\/IMG_3069-768x1024.jpg"},{"@type":"BreadcrumbList","@id":"https:\/\/www.bymcdn.com\/index.php\/points-de-vente\/#breadcrumb","itemListElement":[{"@type":"ListItem","position":1,"name":"Accueil","item":"https:\/\/www.bymcdn.com\/"},{"@type":"ListItem","position":2,"name":"Points de vente"}]},{"@type":"WebSite","@id":"https:\/\/www.bymcdn.com\/#website","url":"https:\/\/www.bymcdn.com\/","name":"By Mcdn","description":"","publisher":{"@id":"https:\/\/www.bymcdn.com\/#organization"},"potentialAction":[{"@type":"SearchAction","target":{"@type":"EntryPoint","urlTemplate":"https:\/\/www.bymcdn.com\/?s={search_term_string}"},"query-input":"required name=search_term_string"}],"inLanguage":"fr-FR"},{"@type":"Organization","@id":"https:\/\/www.bymcdn.com\/#organization","name":"By Mcdn","url":"https:\/\/www.bymcdn.com\/","logo":{"@type":"ImageObject","inLanguage":"fr-FR","@id":"https:\/\/www.bymcdn.com\/#\/schema\/logo\/image\/","url":"https:\/\/www.bymcdn.com\/wp-content\/uploads\/2023\/10\/cropped-cropped-cropped-20230908_062612_0000.png","contentUrl":"https:\/\/www.bymcdn.com\/wp-content\/uploads\/2023\/10\/cropped-cropped-cropped-20230908_062612_0000.png","width":351,"height":170,"caption":"By Mcdn"},"image":{"@id":"https:\/\/www.bymcdn.com\/#\/schema\/logo\/image\/"}}]}},"jetpack_sharing_enabled":true,"_links":{"self":[{"href":"https:\/\/www.bymcdn.com\/index.php\/wp-json\/wp\/v2\/pages\/169","targetHints":{"allow":["GET"]}}],"collection":[{"href":"https:\/\/www.bymcdn.com\/index.php\/wp-json\/wp\/v2\/pages"}],"about":[{"href":"https:\/\/www.bymcdn.com\/index.php\/wp-json\/wp\/v2\/types\/page"}],"author":[{"embeddable":true,"href":"https:\/\/www.bymcdn.com\/index.php\/wp-json\/wp\/v2\/users\/1"}],"replies":[{"embeddable":true,"href":"https:\/\/www.bymcdn.com\/index.php\/wp-json\/wp\/v2\/comments?post=169"}],"version-history":[{"count":19,"href":"https:\/\/www.bymcdn.com\/index.php\/wp-json\/wp\/v2\/pages\/169\/revisions"}],"predecessor-version":[{"id":482,"href":"https:\/\/www.bymcdn.com\/index.php\/wp-json\/wp\/v2\/pages\/169\/revisions\/482"}],"wp:attachment":[{"href":"https:\/\/www.bymcdn.com\/index.php\/wp-json\/wp\/v2\/media?parent=169"}],"curies":[{"name":"wp","href":"https:\/\/api.w.org\/{rel}","templated":true}]}}