{"id":148,"date":"2023-12-16T09:58:45","date_gmt":"2023-12-16T08:58:45","guid":{"rendered":"http:\/\/pxkhlfz.cluster028.hosting.ovh.net\/?page_id=148"},"modified":"2024-05-05T11:32:03","modified_gmt":"2024-05-05T09:32:03","slug":"blog","status":"publish","type":"page","link":"https:\/\/www.bymcdn.com\/index.php\/blog\/","title":{"rendered":"Upcycling"},"content":{"rendered":"\t\t<div data-elementor-type=\"wp-page\" data-elementor-id=\"148\" class=\"elementor elementor-148\" data-elementor-post-type=\"page\">\n\t\t\t\t<div class=\"elementor-element elementor-element-46b5fc e-flex e-con-boxed e-con e-parent\" data-id=\"46b5fc\" data-element_type=\"container\">\n\t\t\t\t\t<div class=\"e-con-inner\">\n\t\t\t\t<div class=\"elementor-element elementor-element-21bd1f2d elementor-widget elementor-widget-text-editor\" data-id=\"21bd1f2d\" data-element_type=\"widget\" data-widget_type=\"text-editor.default\">\n\t\t\t\t<div class=\"elementor-widget-container\">\n\t\t\t<style>\/*! elementor - v3.21.0 - 08-05-2024 *\/\n.elementor-widget-text-editor.elementor-drop-cap-view-stacked .elementor-drop-cap{background-color:#69727d;color:#fff}.elementor-widget-text-editor.elementor-drop-cap-view-framed .elementor-drop-cap{color:#69727d;border:3px solid;background-color:transparent}.elementor-widget-text-editor:not(.elementor-drop-cap-view-default) .elementor-drop-cap{margin-top:8px}.elementor-widget-text-editor:not(.elementor-drop-cap-view-default) .elementor-drop-cap-letter{width:1em;height:1em}.elementor-widget-text-editor .elementor-drop-cap{float:left;text-align:center;line-height:1;font-size:50px}.elementor-widget-text-editor .elementor-drop-cap-letter{display:inline-block}<\/style>\t\t\t\t<!-- wp:paragraph -->\n<p><\/p>\n<!-- \/wp:paragraph -->\n\n<!-- wp:paragraph -->\n<p><\/p>\n<!-- \/wp:paragraph -->\t\t\t\t\t\t<\/div>\n\t\t\t\t<\/div>\n\t\t\t\t\t<\/div>\n\t\t\t\t<\/div>\n\t\t<div class=\"elementor-element elementor-element-7c817801 e-con-full e-flex e-con e-parent\" data-id=\"7c817801\" data-element_type=\"container\" data-settings=\"{&quot;background_background&quot;:&quot;classic&quot;}\">\n\t\t<div class=\"elementor-element elementor-element-4ceaccfc e-con-full e-flex e-con e-child\" data-id=\"4ceaccfc\" data-element_type=\"container\">\n\t\t\t\t<div class=\"elementor-element elementor-element-a904893 elementor-widget elementor-widget-heading\" data-id=\"a904893\" data-element_type=\"widget\" data-widget_type=\"heading.default\">\n\t\t\t\t<div class=\"elementor-widget-container\">\n\t\t\t<style>\/*! elementor - v3.21.0 - 08-05-2024 *\/\n.elementor-heading-title{padding:0;margin:0;line-height:1}.elementor-widget-heading .elementor-heading-title[class*=elementor-size-]>a{color:inherit;font-size:inherit;line-height:inherit}.elementor-widget-heading .elementor-heading-title.elementor-size-small{font-size:15px}.elementor-widget-heading .elementor-heading-title.elementor-size-medium{font-size:19px}.elementor-widget-heading .elementor-heading-title.elementor-size-large{font-size:29px}.elementor-widget-heading .elementor-heading-title.elementor-size-xl{font-size:39px}.elementor-widget-heading .elementor-heading-title.elementor-size-xxl{font-size:59px}<\/style><h2 class=\"elementor-heading-title elementor-size-default\">Qu'est ce que l'Upcycling ?<\/h2>\t\t<\/div>\n\t\t\t\t<\/div>\n\t\t\t\t<div class=\"elementor-element elementor-element-3a075dd elementor-widget elementor-widget-text-editor\" data-id=\"3a075dd\" data-element_type=\"widget\" data-widget_type=\"text-editor.default\">\n\t\t\t\t<div class=\"elementor-widget-container\">\n\t\t\t\t\t\t\t<p><!-- wp:paragraph --><\/p>\n<p>L&#8217;<strong>upcycling<\/strong> sonne mieux en Anglais, en Fran\u00e7ais on dirait le surcyclage. C&#8217;est recycl\u00e9 des mati\u00e8res pour en r\u00e9aliser un autre produit. On peut bien s\u00fbr faire de l&#8217;upcycling aves d&#8217;autre mati\u00e8re que le tissu. Il y a un nombre de possibilit\u00e9 infini.<\/p>\n<p><!-- \/wp:paragraph --><!-- wp:paragraph --><\/p>\n<p>J&#8217;aime cr\u00e9er essentiellement des accessoires mais pas que.<\/p>\n<p><!-- \/wp:paragraph --><!-- wp:paragraph --><\/p>\n<p><em><strong>&#8220;Rien ne se perd, tout se transforme&#8221;<\/strong> Lavoisier<\/em><\/p>\n<p><!-- \/wp:paragraph --><\/p>\t\t\t\t\t\t<\/div>\n\t\t\t\t<\/div>\n\t\t\t\t<div class=\"elementor-element elementor-element-31d77fb elementor-widget-mobile__width-inherit elementor-align-center elementor-invisible elementor-widget elementor-widget-button\" data-id=\"31d77fb\" data-element_type=\"widget\" data-settings=\"{&quot;_animation&quot;:&quot;fadeInDown&quot;}\" data-widget_type=\"button.default\">\n\t\t\t\t<div class=\"elementor-widget-container\">\n\t\t\t\t\t<div class=\"elementor-button-wrapper\">\n\t\t\t<a class=\"elementor-button elementor-button-link elementor-size-sm elementor-animation-grow\" href=\"http:\/\/pxkhlfz.cluster028.hosting.ovh.net\/index.php\/boutique-upcycling-accessoires-smallbusiness-pieceunique\/\">\n\t\t\t\t\t\t<span class=\"elementor-button-content-wrapper\">\n\t\t\t\t\t\t\t\t\t<span class=\"elementor-button-text\">d\u00e9couvrir la boutique<\/span>\n\t\t\t\t\t<\/span>\n\t\t\t\t\t<\/a>\n\t\t<\/div>\n\t\t\t\t<\/div>\n\t\t\t\t<\/div>\n\t\t\t\t<\/div>\n\t\t<div class=\"elementor-element elementor-element-17231d93 e-con-full e-flex e-con e-child\" data-id=\"17231d93\" data-element_type=\"container\">\n\t\t\t\t<div class=\"elementor-element elementor-element-fc261b5 animated-fast elementor-invisible elementor-widget elementor-widget-image\" data-id=\"fc261b5\" data-element_type=\"widget\" data-settings=\"{&quot;_animation&quot;:&quot;fadeInRight&quot;}\" data-widget_type=\"image.default\">\n\t\t\t\t<div class=\"elementor-widget-container\">\n\t\t\t<style>\/*! elementor - v3.21.0 - 08-05-2024 *\/\n.elementor-widget-image{text-align:center}.elementor-widget-image a{display:inline-block}.elementor-widget-image a img[src$=\".svg\"]{width:48px}.elementor-widget-image img{vertical-align:middle;display:inline-block}<\/style>\t\t\t\t\t\t\t\t\t\t<img fetchpriority=\"high\" decoding=\"async\" width=\"1150\" height=\"1026\" src=\"https:\/\/www.bymcdn.com\/wp-content\/uploads\/2023\/10\/20231008_144433-scaled-e1697963281599.jpg\" class=\"attachment-full size-full wp-image-39\" alt=\"\" srcset=\"https:\/\/www.bymcdn.com\/wp-content\/uploads\/2023\/10\/20231008_144433-scaled-e1697963281599.jpg 1150w, https:\/\/www.bymcdn.com\/wp-content\/uploads\/2023\/10\/20231008_144433-scaled-e1697963281599-600x535.jpg 600w, https:\/\/www.bymcdn.com\/wp-content\/uploads\/2023\/10\/20231008_144433-scaled-e1697963281599-300x268.jpg 300w, https:\/\/www.bymcdn.com\/wp-content\/uploads\/2023\/10\/20231008_144433-scaled-e1697963281599-1024x914.jpg 1024w, https:\/\/www.bymcdn.com\/wp-content\/uploads\/2023\/10\/20231008_144433-scaled-e1697963281599-768x685.jpg 768w\" sizes=\"(max-width: 1150px) 100vw, 1150px\" \/>\t\t\t\t\t\t\t\t\t\t\t\t\t<\/div>\n\t\t\t\t<\/div>\n\t\t\t\t<\/div>\n\t\t\t\t<\/div>\n\t\t\t\t<\/div>\n\t\t","protected":false},"excerpt":{"rendered":"<p>Qu&#8217;est ce que l&#8217;Upcycling ? L&#8217;upcycling sonne mieux en Anglais, en Fran\u00e7ais on dirait le surcyclage. C&#8217;est recycl\u00e9 des mati\u00e8res pour en r\u00e9aliser un autre produit. On peut bien s\u00fbr faire de l&#8217;upcycling aves d&#8217;autre mati\u00e8re que le tissu. Il y a un nombre de possibilit\u00e9 infini. J&#8217;aime cr\u00e9er essentiellement des accessoires mais pas que. &hellip; <\/p>\n","protected":false},"author":1,"featured_media":0,"parent":0,"menu_order":0,"comment_status":"closed","ping_status":"closed","template":"","meta":{"footnotes":""},"class_list":["post-148","page","type-page","status-publish","hentry"],"yoast_head":"<!-- This site is optimized with the Yoast SEO plugin v22.7 - https:\/\/yoast.com\/wordpress\/plugins\/seo\/ -->\n<title>Upcycling - By Mcdn<\/title>\n<meta name=\"robots\" content=\"index, follow, max-snippet:-1, max-image-preview:large, max-video-preview:-1\" \/>\n<link rel=\"canonical\" href=\"https:\/\/www.bymcdn.com\/index.php\/blog\/\" \/>\n<meta property=\"og:locale\" content=\"fr_FR\" \/>\n<meta property=\"og:type\" content=\"article\" \/>\n<meta property=\"og:title\" content=\"Upcycling - By Mcdn\" \/>\n<meta property=\"og:description\" content=\"Qu&#8217;est ce que l&#8217;Upcycling ? L&#8217;upcycling sonne mieux en Anglais, en Fran\u00e7ais on dirait le surcyclage. C&#8217;est recycl\u00e9 des mati\u00e8res pour en r\u00e9aliser un autre produit. On peut bien s\u00fbr faire de l&#8217;upcycling aves d&#8217;autre mati\u00e8re que le tissu. Il y a un nombre de possibilit\u00e9 infini. J&#8217;aime cr\u00e9er essentiellement des accessoires mais pas que. &hellip;\" \/>\n<meta property=\"og:url\" content=\"https:\/\/www.bymcdn.com\/index.php\/blog\/\" \/>\n<meta property=\"og:site_name\" content=\"By Mcdn\" \/>\n<meta property=\"article:modified_time\" content=\"2024-05-05T09:32:03+00:00\" \/>\n<meta property=\"og:image\" content=\"http:\/\/pxkhlfz.cluster028.hosting.ovh.net\/wp-content\/uploads\/2023\/10\/20231008_144433-scaled-e1697963281599.jpg\" \/>\n<meta name=\"twitter:card\" content=\"summary_large_image\" \/>\n<meta name=\"twitter:label1\" content=\"Dur\u00e9e de lecture estim\u00e9e\" \/>\n\t<meta name=\"twitter:data1\" content=\"1 minute\" \/>\n<script type=\"application\/ld+json\" class=\"yoast-schema-graph\">{\"@context\":\"https:\/\/schema.org\",\"@graph\":[{\"@type\":\"WebPage\",\"@id\":\"https:\/\/www.bymcdn.com\/index.php\/blog\/\",\"url\":\"https:\/\/www.bymcdn.com\/index.php\/blog\/\",\"name\":\"Upcycling - By Mcdn\",\"isPartOf\":{\"@id\":\"https:\/\/www.bymcdn.com\/#website\"},\"primaryImageOfPage\":{\"@id\":\"https:\/\/www.bymcdn.com\/index.php\/blog\/#primaryimage\"},\"image\":{\"@id\":\"https:\/\/www.bymcdn.com\/index.php\/blog\/#primaryimage\"},\"thumbnailUrl\":\"http:\/\/pxkhlfz.cluster028.hosting.ovh.net\/wp-content\/uploads\/2023\/10\/20231008_144433-scaled-e1697963281599.jpg\",\"datePublished\":\"2023-12-16T08:58:45+00:00\",\"dateModified\":\"2024-05-05T09:32:03+00:00\",\"breadcrumb\":{\"@id\":\"https:\/\/www.bymcdn.com\/index.php\/blog\/#breadcrumb\"},\"inLanguage\":\"fr-FR\",\"potentialAction\":[{\"@type\":\"ReadAction\",\"target\":[\"https:\/\/www.bymcdn.com\/index.php\/blog\/\"]}]},{\"@type\":\"ImageObject\",\"inLanguage\":\"fr-FR\",\"@id\":\"https:\/\/www.bymcdn.com\/index.php\/blog\/#primaryimage\",\"url\":\"http:\/\/pxkhlfz.cluster028.hosting.ovh.net\/wp-content\/uploads\/2023\/10\/20231008_144433-scaled-e1697963281599.jpg\",\"contentUrl\":\"http:\/\/pxkhlfz.cluster028.hosting.ovh.net\/wp-content\/uploads\/2023\/10\/20231008_144433-scaled-e1697963281599.jpg\"},{\"@type\":\"BreadcrumbList\",\"@id\":\"https:\/\/www.bymcdn.com\/index.php\/blog\/#breadcrumb\",\"itemListElement\":[{\"@type\":\"ListItem\",\"position\":1,\"name\":\"Accueil\",\"item\":\"https:\/\/www.bymcdn.com\/\"},{\"@type\":\"ListItem\",\"position\":2,\"name\":\"Upcycling\"}]},{\"@type\":\"WebSite\",\"@id\":\"https:\/\/www.bymcdn.com\/#website\",\"url\":\"https:\/\/www.bymcdn.com\/\",\"name\":\"By Mcdn\",\"description\":\"\",\"publisher\":{\"@id\":\"https:\/\/www.bymcdn.com\/#organization\"},\"potentialAction\":[{\"@type\":\"SearchAction\",\"target\":{\"@type\":\"EntryPoint\",\"urlTemplate\":\"https:\/\/www.bymcdn.com\/?s={search_term_string}\"},\"query-input\":\"required name=search_term_string\"}],\"inLanguage\":\"fr-FR\"},{\"@type\":\"Organization\",\"@id\":\"https:\/\/www.bymcdn.com\/#organization\",\"name\":\"By Mcdn\",\"url\":\"https:\/\/www.bymcdn.com\/\",\"logo\":{\"@type\":\"ImageObject\",\"inLanguage\":\"fr-FR\",\"@id\":\"https:\/\/www.bymcdn.com\/#\/schema\/logo\/image\/\",\"url\":\"https:\/\/www.bymcdn.com\/wp-content\/uploads\/2023\/10\/cropped-cropped-cropped-20230908_062612_0000.png\",\"contentUrl\":\"https:\/\/www.bymcdn.com\/wp-content\/uploads\/2023\/10\/cropped-cropped-cropped-20230908_062612_0000.png\",\"width\":351,\"height\":170,\"caption\":\"By Mcdn\"},\"image\":{\"@id\":\"https:\/\/www.bymcdn.com\/#\/schema\/logo\/image\/\"}}]}<\/script>\n<!-- \/ Yoast SEO plugin. -->","yoast_head_json":{"title":"Upcycling - By Mcdn","robots":{"index":"index","follow":"follow","max-snippet":"max-snippet:-1","max-image-preview":"max-image-preview:large","max-video-preview":"max-video-preview:-1"},"canonical":"https:\/\/www.bymcdn.com\/index.php\/blog\/","og_locale":"fr_FR","og_type":"article","og_title":"Upcycling - By Mcdn","og_description":"Qu&#8217;est ce que l&#8217;Upcycling ? L&#8217;upcycling sonne mieux en Anglais, en Fran\u00e7ais on dirait le surcyclage. C&#8217;est recycl\u00e9 des mati\u00e8res pour en r\u00e9aliser un autre produit. On peut bien s\u00fbr faire de l&#8217;upcycling aves d&#8217;autre mati\u00e8re que le tissu. Il y a un nombre de possibilit\u00e9 infini. J&#8217;aime cr\u00e9er essentiellement des accessoires mais pas que. &hellip;","og_url":"https:\/\/www.bymcdn.com\/index.php\/blog\/","og_site_name":"By Mcdn","article_modified_time":"2024-05-05T09:32:03+00:00","og_image":[{"url":"http:\/\/pxkhlfz.cluster028.hosting.ovh.net\/wp-content\/uploads\/2023\/10\/20231008_144433-scaled-e1697963281599.jpg"}],"twitter_card":"summary_large_image","twitter_misc":{"Dur\u00e9e de lecture estim\u00e9e":"1 minute"},"schema":{"@context":"https:\/\/schema.org","@graph":[{"@type":"WebPage","@id":"https:\/\/www.bymcdn.com\/index.php\/blog\/","url":"https:\/\/www.bymcdn.com\/index.php\/blog\/","name":"Upcycling - By Mcdn","isPartOf":{"@id":"https:\/\/www.bymcdn.com\/#website"},"primaryImageOfPage":{"@id":"https:\/\/www.bymcdn.com\/index.php\/blog\/#primaryimage"},"image":{"@id":"https:\/\/www.bymcdn.com\/index.php\/blog\/#primaryimage"},"thumbnailUrl":"http:\/\/pxkhlfz.cluster028.hosting.ovh.net\/wp-content\/uploads\/2023\/10\/20231008_144433-scaled-e1697963281599.jpg","datePublished":"2023-12-16T08:58:45+00:00","dateModified":"2024-05-05T09:32:03+00:00","breadcrumb":{"@id":"https:\/\/www.bymcdn.com\/index.php\/blog\/#breadcrumb"},"inLanguage":"fr-FR","potentialAction":[{"@type":"ReadAction","target":["https:\/\/www.bymcdn.com\/index.php\/blog\/"]}]},{"@type":"ImageObject","inLanguage":"fr-FR","@id":"https:\/\/www.bymcdn.com\/index.php\/blog\/#primaryimage","url":"http:\/\/pxkhlfz.cluster028.hosting.ovh.net\/wp-content\/uploads\/2023\/10\/20231008_144433-scaled-e1697963281599.jpg","contentUrl":"http:\/\/pxkhlfz.cluster028.hosting.ovh.net\/wp-content\/uploads\/2023\/10\/20231008_144433-scaled-e1697963281599.jpg"},{"@type":"BreadcrumbList","@id":"https:\/\/www.bymcdn.com\/index.php\/blog\/#breadcrumb","itemListElement":[{"@type":"ListItem","position":1,"name":"Accueil","item":"https:\/\/www.bymcdn.com\/"},{"@type":"ListItem","position":2,"name":"Upcycling"}]},{"@type":"WebSite","@id":"https:\/\/www.bymcdn.com\/#website","url":"https:\/\/www.bymcdn.com\/","name":"By Mcdn","description":"","publisher":{"@id":"https:\/\/www.bymcdn.com\/#organization"},"potentialAction":[{"@type":"SearchAction","target":{"@type":"EntryPoint","urlTemplate":"https:\/\/www.bymcdn.com\/?s={search_term_string}"},"query-input":"required name=search_term_string"}],"inLanguage":"fr-FR"},{"@type":"Organization","@id":"https:\/\/www.bymcdn.com\/#organization","name":"By Mcdn","url":"https:\/\/www.bymcdn.com\/","logo":{"@type":"ImageObject","inLanguage":"fr-FR","@id":"https:\/\/www.bymcdn.com\/#\/schema\/logo\/image\/","url":"https:\/\/www.bymcdn.com\/wp-content\/uploads\/2023\/10\/cropped-cropped-cropped-20230908_062612_0000.png","contentUrl":"https:\/\/www.bymcdn.com\/wp-content\/uploads\/2023\/10\/cropped-cropped-cropped-20230908_062612_0000.png","width":351,"height":170,"caption":"By Mcdn"},"image":{"@id":"https:\/\/www.bymcdn.com\/#\/schema\/logo\/image\/"}}]}},"jetpack_sharing_enabled":true,"_links":{"self":[{"href":"https:\/\/www.bymcdn.com\/index.php\/wp-json\/wp\/v2\/pages\/148","targetHints":{"allow":["GET"]}}],"collection":[{"href":"https:\/\/www.bymcdn.com\/index.php\/wp-json\/wp\/v2\/pages"}],"about":[{"href":"https:\/\/www.bymcdn.com\/index.php\/wp-json\/wp\/v2\/types\/page"}],"author":[{"embeddable":true,"href":"https:\/\/www.bymcdn.com\/index.php\/wp-json\/wp\/v2\/users\/1"}],"replies":[{"embeddable":true,"href":"https:\/\/www.bymcdn.com\/index.php\/wp-json\/wp\/v2\/comments?post=148"}],"version-history":[{"count":22,"href":"https:\/\/www.bymcdn.com\/index.php\/wp-json\/wp\/v2\/pages\/148\/revisions"}],"predecessor-version":[{"id":438,"href":"https:\/\/www.bymcdn.com\/index.php\/wp-json\/wp\/v2\/pages\/148\/revisions\/438"}],"wp:attachment":[{"href":"https:\/\/www.bymcdn.com\/index.php\/wp-json\/wp\/v2\/media?parent=148"}],"curies":[{"name":"wp","href":"https:\/\/api.w.org\/{rel}","templated":true}]}}